{"id":120,"date":"2021-12-07T15:43:00","date_gmt":"2021-12-07T15:43:00","guid":{"rendered":"https:\/\/websitebuilder-demo.net\/sintix\/?page_id=120"},"modified":"2026-04-07T21:07:53","modified_gmt":"2026-04-07T21:07:53","slug":"demo-gallery","status":"publish","type":"page","link":"https:\/\/dekinternational.com\/?page_id=120","title":{"rendered":"P\u00e1gina G3"},"content":{"rendered":"<div class=\"brz brz-root__container brz-reset-all brz-root__container-page\">\n<section id=\"ff87874e4207f6cb944a_pS1k3uH7gWRL\" class=\"brz-section brz-css-131ro51 brz-css-1ndy3p0\">\n<div class=\"brz-section__content brz-section--boxed brz-css-1hjuzmw brz-css-cg2z3c\" data-brz-custom-id=\"u7DVNaCQ4nfk\">\n<div class=\"brz-bg\">\n<div class=\"brz-bg-color\"><\/div>\n<div class=\"brz-bg-shape brz-bg-shape__top\"><\/div>\n<\/div>\n<div class=\"brz-container brz-css-1kylc35 brz-css-1hcqpzt\">\n<div id=\"\" class=\"brz-css-hrctpj brz-css-bfhmam brz-wrapper\">\n<div class=\"brz-rich-text brz-rich-text__custom brz-css-68gyp1 brz-css-1jn73qc\" data-brz-custom-id=\"cRgUzo7ZLt6P\">\n<div data-brz-translate-text=\"1\">\n<p class=\"brz-fs-lg-72 brz-ft-google brz-ff-oswald brz-tp-lg-empty brz-fsft-lg-0 brz-fwdth-lg-100 brz-vfw-lg-400 brz-lh-lg-1_7 brz-ls-lg-0 brz-fw-lg-400 brz-fss-lg-px brz-text-lg-center brz-fss-xs-px brz-fw-xs-400 brz-ls-xs-0 brz-lh-xs-1_7 brz-vfw-xs-400 brz-fwdth-xs-100 brz-fsft-xs-0 brz-tp-xs-empty brz-fs-xs-42 brz-css-hmoFO\" data-uniq-id=\"pPjby\" data-generated-css=\"brz-css-oJSj1\"><span class=\"brz-cp-color8\">PLATINUM G3<\/span><\/p>\n<\/div>\n<\/div>\n<\/div>\n<div class=\"brz-row__container brz-css-1t7vsaz brz-css-1xlw69\" data-brz-custom-id=\"mxcZo9bCCmfb\">\n<div class=\"brz-row brz-css-1seve9f brz-css-1w6iykb\">\n<div class=\"brz-columns brz-css-1gmm8bl brz-css-152arba\" data-brz-custom-id=\"nrX5dxWrwUD8\">\n<div class=\"brz-column__items brz-css-19z45ed brz-css-114tbuq\">\n<div id=\"\" class=\"brz-css-hrctpj brz-css-1jwnk90 brz-wrapper\">\n<div class=\"brz-rich-text brz-rich-text__custom brz-css-68gyp1 brz-css-1l1uo9l\" data-brz-custom-id=\"fuvpnAvcp8Xg\">\n<div data-brz-translate-text=\"1\">\n<p class=\"brz-fs-lg-23 brz-ft-google brz-ff-oswald brz-tp-lg-empty brz-fsft-lg-0 brz-fwdth-lg-100 brz-vfw-lg-400 brz-lh-lg-1_7 brz-ls-lg-0 brz-fw-lg-400 brz-fss-lg-px brz-tp-xs-empty brz-fs-xs-18 brz-fss-xs-px brz-fw-xs-400 brz-ls-xs-0 brz-lh-xs-1_7 brz-vfw-xs-400 brz-fwdth-xs-100 brz-fsft-xs-0 brz-text-xs-left brz-css-spv3f\" data-uniq-id=\"aRlfv\" data-generated-css=\"brz-css-tgLYT\"><span class=\"brz-cp-color5\">Un buen sistema progresivo no solo aumenta los premios, sino que multiplica la emoci\u00f3n y fidelidad de los jugadores. Nuestro sistema de bono progresivo est\u00e1 dise\u00f1ado para ofrecer acumulaciones din\u00e1micas que generan un impacto inmediato en la experiencia de juego. F\u00e1cil de integrar, altamente configurable y con seguridad avanzada, esta soluci\u00f3n es el complemento perfecto para cualquier casino que busca maximizar el rendimiento de sus mesas de juego.<\/span><\/p>\n<p class=\"brz-tp-lg-paragraph brz-css-rbgyN\" data-uniq-id=\"uJRCw\" data-generated-css=\"brz-css-zMVxa\"><\/p>\n<\/div>\n<\/div>\n<\/div>\n<\/div>\n<\/div>\n<\/div>\n<\/div>\n<div id=\"\" class=\"brz-css-hrctpj brz-css-npwkj7 brz-wrapper\">\n<div class=\"brz-line brz-line-default brz-css-1n2seeu\" data-brz-custom-id=\"cyPcKkwrzj8s\">\n<hr class=\"brz-hr\"><\/div>\n<\/div>\n<\/div>\n<\/div>\n<\/section>\n<section id=\"08a2b136d6df77b40288_yo3TFSE4Mr4J\" class=\"brz-section brz-css-1utm2xe brz-css-14muui8\">\n<div class=\"brz-section__content brz-section--boxed brz-css-qgbzv9 brz-css-ctx41l\" data-brz-custom-id=\"y3_xDMdEcrWc\">\n<div class=\"brz-bg\">\n<div class=\"brz-bg-color\"><\/div>\n<\/div>\n<div class=\"brz-container brz-css-1edwpr8 brz-css-18wamud\">\n<div id=\"\" class=\"brz-css-1ff4om7 brz-css-3vk9yg brz-wrapper\">\n<div class=\"brz-carousel brz-css-scmlrl brz-css-18yjms3\" data-brz-custom-id=\"twSk8EhN6Zjc\">\n<div class=\"brz-carousel__slider\" data-slides-to-show=\"1\" data-slides-to-scroll=\"1\" data-arrows=\"true\" data-dots=\"false\" data-dots-class=\"brz-slick-slider__dots brz-slick-slider__dots--none\" data-auto-play=\"true\" data-auto-play-speed=\"3000\" data-swipe=\"true\" data-fade=\"false\" data-transition-speed=\"3.5\" data-responsive=\"%5B%7B%22breakpoint%22%3A991%2C%22settings%22%3A%7B%22slidesToShow%22%3A1%2C%22slidesToScroll%22%3A1%7D%7D%2C%7B%22breakpoint%22%3A767%2C%22settings%22%3A%7B%22slidesToShow%22%3A1%2C%22slidesToScroll%22%3A1%7D%7D%5D\">\n<div class=\"brz-carousel__item\">\n<div class=\"brz-columns brz-css-1iaav24 brz-css-1ey6is5 brz-css-11rn6uu\" data-brz-custom-id=\"r_t0NHthbhR6\">\n<div class=\"brz-hover-animation__container\" data-brz-hover-animationid=\"r_t0NHthbhR6\" data-brz-hover-options=\"%7B%22fill%22:%22forwards%22,%22easing%22:%22ease%22,%22duration%22:600,%22iterations%22:1%7D\" data-brz-hover-reversible=\"true\" data-brz-hover-target=\"%22parent%22\" data-brz-hover-animation=\"%5B%7B%22WebkitTransform%22:%22scale(1.1)%22,%22transform%22:%22scale(1.1)%22,%22offset%22:1%7D%5D\">\n<div class=\"brz-column__items brz-css-g7191z brz-css-454ql2\">\n<div id=\"\" class=\"brz-css-1ff4om7 brz-css-1wpun7o brz-wrapper\">\n<div class=\"brz-image brz-css-v4r1j3 brz-css-1jnt2e5\" data-brz-custom-id=\"dC4aiu3i_crE\"><img decoding=\"async\" class=\"brz-img\" src=\"https:\/\/dekinternational.com\/wp-content\/uploads\/2025\/03\/g31.png\" alt=\"\" title=\"g31\" loading=\"lazy\"><\/div>\n<\/div>\n<div id=\"\" class=\"brz-css-1ff4om7 brz-css-1v1bfg7 brz-css-s60x1f brz-wrapper\">\n<div class=\"brz-spacer brz-css-u6ys0k brz-css-1mjn45a\"><\/div>\n<\/div>\n<\/div>\n<\/div>\n<\/div>\n<\/div>\n<div class=\"brz-carousel__item\">\n<div class=\"brz-columns brz-css-1iaav24 brz-css-1ey6is5 brz-css-ibl8ge\" data-brz-custom-id=\"v5BTIVX2S8Tb\">\n<div class=\"brz-hover-animation__container\" data-brz-hover-animationid=\"v5BTIVX2S8Tb\" data-brz-hover-options=\"%7B%22fill%22:%22forwards%22,%22easing%22:%22ease%22,%22duration%22:600,%22iterations%22:1%7D\" data-brz-hover-reversible=\"true\" data-brz-hover-target=\"%22parent%22\" data-brz-hover-animation=\"%5B%7B%22WebkitTransform%22:%22scale(1.1)%22,%22transform%22:%22scale(1.1)%22,%22offset%22:1%7D%5D\">\n<div class=\"brz-column__items brz-css-g7191z brz-css-w11ybm\">\n<div id=\"\" class=\"brz-css-1ff4om7 brz-css-19tk6tb brz-wrapper\">\n<div class=\"brz-image brz-css-1r8rsfw brz-css-18hamje\" data-brz-custom-id=\"hHbrYssfpWnd\"><img decoding=\"async\" class=\"brz-img\" src=\"https:\/\/dekinternational.com\/wp-content\/uploads\/2025\/03\/g32.png\" alt=\"\" title=\"g32\" loading=\"lazy\"><\/div>\n<\/div>\n<div id=\"\" class=\"brz-css-1ff4om7 brz-css-1v1bfg7 brz-css-1hyado4 brz-wrapper\">\n<div class=\"brz-spacer brz-css-u6ys0k brz-css-a31id\"><\/div>\n<\/div>\n<\/div>\n<\/div>\n<\/div>\n<\/div>\n<div class=\"brz-carousel__item\">\n<div class=\"brz-columns brz-css-1iaav24 brz-css-1ey6is5 brz-css-8wpta8\" data-brz-custom-id=\"uU97QhQbqKVq\">\n<div class=\"brz-hover-animation__container\" data-brz-hover-animationid=\"uU97QhQbqKVq\" data-brz-hover-options=\"%7B%22fill%22:%22forwards%22,%22easing%22:%22ease%22,%22duration%22:600,%22iterations%22:1%7D\" data-brz-hover-reversible=\"true\" data-brz-hover-target=\"%22parent%22\" data-brz-hover-animation=\"%5B%7B%22WebkitTransform%22:%22scale(1.1)%22,%22transform%22:%22scale(1.1)%22,%22offset%22:1%7D%5D\">\n<div class=\"brz-column__items brz-css-g7191z brz-css-1xr27lp\">\n<div id=\"\" class=\"brz-css-1ff4om7 brz-css-1q3u1p6 brz-wrapper\">\n<div class=\"brz-image brz-css-xu2ce2 brz-css-posukm\" data-brz-custom-id=\"tI5Fm_2iRSBT\"><img decoding=\"async\" class=\"brz-img\" src=\"https:\/\/dekinternational.com\/wp-content\/uploads\/2025\/03\/g33.png\" alt=\"\" title=\"g33\" loading=\"lazy\"><\/div>\n<\/div>\n<div id=\"\" class=\"brz-css-1ff4om7 brz-css-1v1bfg7 brz-css-2bd1ul brz-wrapper\">\n<div class=\"brz-spacer brz-css-u6ys0k brz-css-abxowx\"><\/div>\n<\/div>\n<\/div>\n<\/div>\n<\/div>\n<\/div>\n<div class=\"brz-carousel__item\">\n<div class=\"brz-columns brz-css-1iaav24 brz-css-1ey6is5 brz-css-12hmb1w\" data-brz-custom-id=\"huAeh1qOyNAM\">\n<div class=\"brz-hover-animation__container\" data-brz-hover-animationid=\"huAeh1qOyNAM\" data-brz-hover-options=\"%7B%22fill%22:%22forwards%22,%22easing%22:%22ease%22,%22duration%22:600,%22iterations%22:1%7D\" data-brz-hover-reversible=\"true\" data-brz-hover-target=\"%22parent%22\" data-brz-hover-animation=\"%5B%7B%22WebkitTransform%22:%22scale(1.1)%22,%22transform%22:%22scale(1.1)%22,%22offset%22:1%7D%5D\">\n<div class=\"brz-column__items brz-css-g7191z brz-css-zf7wts\">\n<div id=\"\" class=\"brz-css-1ff4om7 brz-css-ni35da brz-wrapper\">\n<div class=\"brz-image brz-css-r25zzk brz-css-249h8t\" data-brz-custom-id=\"daMc6mTY8Ow4\"><img decoding=\"async\" class=\"brz-img\" src=\"https:\/\/dekinternational.com\/wp-content\/uploads\/2025\/03\/g34.png\" alt=\"\" title=\"g34\" loading=\"lazy\"><\/div>\n<\/div>\n<div id=\"\" class=\"brz-css-1ff4om7 brz-css-1v1bfg7 brz-css-1faoj02 brz-wrapper\">\n<div class=\"brz-spacer brz-css-u6ys0k brz-css-1glvu1k\"><\/div>\n<\/div>\n<\/div>\n<\/div>\n<\/div>\n<\/div>\n<div class=\"brz-carousel__item\">\n<div class=\"brz-columns brz-css-1iaav24 brz-css-1ey6is5 brz-css-18krc5e\" data-brz-custom-id=\"nSka8TSMxc6x\">\n<div class=\"brz-hover-animation__container\" data-brz-hover-animationid=\"nSka8TSMxc6x\" data-brz-hover-options=\"%7B%22fill%22:%22forwards%22,%22easing%22:%22ease%22,%22duration%22:600,%22iterations%22:1%7D\" data-brz-hover-reversible=\"true\" data-brz-hover-target=\"%22parent%22\" data-brz-hover-animation=\"%5B%7B%22WebkitTransform%22:%22scale(1.1)%22,%22transform%22:%22scale(1.1)%22,%22offset%22:1%7D%5D\">\n<div class=\"brz-column__items brz-css-g7191z brz-css-1tldt92\">\n<div id=\"\" class=\"brz-css-1ff4om7 brz-css-1mnz1sv brz-wrapper\">\n<div class=\"brz-image brz-css-v4yp8 brz-css-a8pfa0\" data-brz-custom-id=\"eSNtF99yMD6t\"><img decoding=\"async\" class=\"brz-img\" src=\"https:\/\/dekinternational.com\/wp-content\/uploads\/2025\/03\/g35.png\" alt=\"\" title=\"g35\" loading=\"lazy\"><\/div>\n<\/div>\n<div id=\"\" class=\"brz-css-1ff4om7 brz-css-1v1bfg7 brz-css-1jxu0vv brz-wrapper\">\n<div class=\"brz-spacer brz-css-u6ys0k brz-css-qmxluj\"><\/div>\n<\/div>\n<\/div>\n<\/div>\n<\/div>\n<\/div>\n<div class=\"brz-carousel__item\">\n<div class=\"brz-columns brz-css-1iaav24 brz-css-1ey6is5 brz-css-18u7v3d\" data-brz-custom-id=\"vPEhqXIZ1xbp\">\n<div class=\"brz-hover-animation__container\" data-brz-hover-animationid=\"vPEhqXIZ1xbp\" data-brz-hover-options=\"%7B%22fill%22:%22forwards%22,%22easing%22:%22ease%22,%22duration%22:600,%22iterations%22:1%7D\" data-brz-hover-reversible=\"true\" data-brz-hover-target=\"%22parent%22\" data-brz-hover-animation=\"%5B%7B%22WebkitTransform%22:%22scale(1.1)%22,%22transform%22:%22scale(1.1)%22,%22offset%22:1%7D%5D\">\n<div class=\"brz-column__items brz-css-g7191z brz-css-165kkob\">\n<div id=\"\" class=\"brz-css-1ff4om7 brz-css-15bzbdf brz-wrapper\">\n<div class=\"brz-image brz-css-16zipqy brz-css-87scfv\" data-brz-custom-id=\"yhXLDvPpEQDQ\"><img decoding=\"async\" class=\"brz-img\" src=\"https:\/\/dekinternational.com\/wp-content\/uploads\/2025\/03\/g36.png\" alt=\"\" title=\"g36\" loading=\"lazy\"><\/div>\n<\/div>\n<div id=\"\" class=\"brz-css-1ff4om7 brz-css-1v1bfg7 brz-css-dr3sfd brz-wrapper\">\n<div class=\"brz-spacer brz-css-u6ys0k brz-css-jki405\"><\/div>\n<\/div>\n<\/div>\n<\/div>\n<\/div>\n<\/div>\n<div class=\"brz-carousel__item\">\n<div class=\"brz-columns brz-css-1iaav24 brz-css-1ey6is5 brz-css-1l2x1jv\" data-brz-custom-id=\"xnlprV0yVwhG\">\n<div class=\"brz-hover-animation__container\" data-brz-hover-animationid=\"xnlprV0yVwhG\" data-brz-hover-options=\"%7B%22fill%22:%22forwards%22,%22easing%22:%22ease%22,%22duration%22:600,%22iterations%22:1%7D\" data-brz-hover-reversible=\"true\" data-brz-hover-target=\"%22parent%22\" data-brz-hover-animation=\"%5B%7B%22WebkitTransform%22:%22scale(1.1)%22,%22transform%22:%22scale(1.1)%22,%22offset%22:1%7D%5D\">\n<div class=\"brz-column__items brz-css-g7191z brz-css-nzkhvs\">\n<div id=\"\" class=\"brz-css-1ff4om7 brz-css-y3kxqo brz-wrapper\">\n<div class=\"brz-image brz-css-s6oyva brz-css-zboo69\" data-brz-custom-id=\"sBGyzhV0pRCm\"><img decoding=\"async\" class=\"brz-img\" src=\"https:\/\/dekinternational.com\/wp-content\/uploads\/2025\/03\/g37.png\" alt=\"\" title=\"g37\" loading=\"lazy\"><\/div>\n<\/div>\n<div id=\"\" class=\"brz-css-1ff4om7 brz-css-1v1bfg7 brz-css-1p16kan brz-wrapper\">\n<div class=\"brz-spacer brz-css-u6ys0k brz-css-qh89c5\"><\/div>\n<\/div>\n<\/div>\n<\/div>\n<\/div>\n<\/div>\n<div class=\"brz-carousel__item\">\n<div class=\"brz-columns brz-css-1iaav24 brz-css-1ey6is5 brz-css-bcgjnt\" data-brz-custom-id=\"rWUHgM4viYlq\">\n<div class=\"brz-hover-animation__container\" data-brz-hover-animationid=\"rWUHgM4viYlq\" data-brz-hover-options=\"%7B%22fill%22:%22forwards%22,%22easing%22:%22ease%22,%22duration%22:600,%22iterations%22:1%7D\" data-brz-hover-reversible=\"true\" data-brz-hover-target=\"%22parent%22\" data-brz-hover-animation=\"%5B%7B%22WebkitTransform%22:%22scale(1.1)%22,%22transform%22:%22scale(1.1)%22,%22offset%22:1%7D%5D\">\n<div class=\"brz-column__items brz-css-g7191z brz-css-14gc4em\">\n<div id=\"\" class=\"brz-css-1ff4om7 brz-css-1sjk4qz brz-wrapper\">\n<div class=\"brz-image brz-css-s6c6zx brz-css-5jvtqb\" data-brz-custom-id=\"iiov5eWry7hG\"><img decoding=\"async\" class=\"brz-img\" src=\"https:\/\/dekinternational.com\/wp-content\/uploads\/2025\/03\/g38.png\" alt=\"\" title=\"g38\" loading=\"lazy\"><\/div>\n<\/div>\n<div id=\"\" class=\"brz-css-1ff4om7 brz-css-1v1bfg7 brz-css-1v0rgm2 brz-wrapper\">\n<div class=\"brz-spacer brz-css-u6ys0k brz-css-8w0e2i\"><\/div>\n<\/div>\n<\/div>\n<\/div>\n<\/div>\n<\/div>\n<\/div>\n<\/div>\n<\/div>\n<\/div>\n<\/div>\n<\/section>\n<section id=\"943fe262e0f10df5266f_danYOUkFqu87\" class=\"brz-section brz-css-n1r8gd brz-css-17vvd5n\">\n<div class=\"brz-section__content brz-section--boxed brz-css-1rqt48l brz-css-1fa0ch7\" data-brz-custom-id=\"fuzYGDtk4xJI\">\n<div class=\"brz-bg\">\n<div class=\"brz-bg-color\"><\/div>\n<\/div>\n<div class=\"brz-container brz-css-ciefwm brz-css-v9ke41\">\n<div id=\"\" class=\"brz-css-1dkdjzh brz-css-1uotuhb brz-wrapper\">\n<div class=\"brz-rich-text brz-rich-text__custom brz-css-2qmyyz brz-css-1dnufc8\" data-brz-custom-id=\"egruXH8h6NYa\">\n<div data-brz-translate-text=\"1\">\n<p class=\"brz-text-lg-center brz-bcp-color7 brz-fss-lg-px brz-fw-lg-400 brz-ls-lg-0 brz-lh-lg-1_7 brz-vfw-lg-400 brz-fwdth-lg-100 brz-fsft-lg-0 brz-tp-lg-empty brz-ff-oswald brz-ft-google brz-fs-lg-26 brz-css-k27BN\" data-uniq-id=\"xKA_z\" data-generated-css=\"brz-css-gpKds\"><a class=\"brz-cp-color2 brz-underline-true link--upload\" href=\"https:\/\/dekinternational.com\/wp-content\/uploads\/2025\/04\/G3espanol.pdf\" data-brz-link-type=\"upload\"><u>Descargar Presentaci\u00f3n<\/u><\/a><\/p>\n<\/div>\n<\/div>\n<\/div>\n<\/div>\n<\/div>\n<\/section><\/div>\n<p><!-- version:1755201515 --><\/p>\n","protected":false},"excerpt":{"rendered":"<p>PLATINUM G3 Un buen sistema progresivo no solo aumenta los premios, sino que multiplica la emoci\u00f3n y fidelidad de los jugadores. Nuestro sistema de bono progresivo est\u00e1 dise\u00f1ado para ofrecer acumulaciones din\u00e1micas que generan un impacto inmediato en la experiencia de juego. F\u00e1cil de integrar, altamente configurable y con seguridad avanzada, esta soluci\u00f3n es el&hellip; <a class=\"more-link\" href=\"https:\/\/dekinternational.com\/?page_id=120\">Continue reading <span class=\"screen-reader-text\">P\u00e1gina G3<\/span><\/a><\/p>\n","protected":false},"author":1,"featured_media":0,"parent":0,"menu_order":0,"comment_status":"closed","ping_status":"closed","template":"brizy-blank-template.php","meta":{"footnotes":""},"class_list":["post-120","page","type-page","status-publish","hentry","entry"],"brizy_media":[{"id":209,"url":"https:\/\/dekinternational.com\/wp-content\/uploads\/2025\/01\/LOGO-DEK.png","name":"LOGO-DEK.png","meta":{"brizy_attachment_uid":"wp-747ed761227b2f5cfb595417854ba13c.png","brizy_post_uid":["15dd5d9d9be38d802bdc8953fe019d2d","381640fdae5bdd86356ffdcad099b06c","60eed68602bb3a9513d793c0538942cf","f754b35d8882168e8193a3c2307a4020"]}},{"id":463,"url":"https:\/\/dekinternational.com\/wp-content\/uploads\/2025\/03\/g31.png","name":"g31.png","meta":{"brizy_attachment_uid":"wp-e32a9c1055905fcc0e7d74a447834318.png","brizy_post_uid":["60eed68602bb3a9513d793c0538942cf"]}},{"id":464,"url":"https:\/\/dekinternational.com\/wp-content\/uploads\/2025\/03\/g32.png","name":"g32.png","meta":{"brizy_attachment_uid":"wp-f7db809428023169da4231512b34edd5.png","brizy_post_uid":["60eed68602bb3a9513d793c0538942cf"]}},{"id":465,"url":"https:\/\/dekinternational.com\/wp-content\/uploads\/2025\/03\/g33.png","name":"g33.png","meta":{"brizy_attachment_uid":"wp-2a0dc3d7a09125d6ff44df1f757a1194.png","brizy_post_uid":["60eed68602bb3a9513d793c0538942cf"]}},{"id":466,"url":"https:\/\/dekinternational.com\/wp-content\/uploads\/2025\/03\/g34.png","name":"g34.png","meta":{"brizy_attachment_uid":"wp-40bc473af34ccdc53100ce627f43ae38.png","brizy_post_uid":["60eed68602bb3a9513d793c0538942cf"]}},{"id":467,"url":"https:\/\/dekinternational.com\/wp-content\/uploads\/2025\/03\/g35.png","name":"g35.png","meta":{"brizy_attachment_uid":"wp-aac086d4eaadbb963649e4269dfce2af.png","brizy_post_uid":["60eed68602bb3a9513d793c0538942cf"]}},{"id":468,"url":"https:\/\/dekinternational.com\/wp-content\/uploads\/2025\/03\/g36.png","name":"g36.png","meta":{"brizy_attachment_uid":"wp-dca140a1f794086f700885472d72c8cd.png","brizy_post_uid":["60eed68602bb3a9513d793c0538942cf"]}},{"id":469,"url":"https:\/\/dekinternational.com\/wp-content\/uploads\/2025\/03\/g37.png","name":"g37.png","meta":{"brizy_attachment_uid":"wp-8dc9c79e7fd9d342d62a3d3001e1e430.png","brizy_post_uid":["60eed68602bb3a9513d793c0538942cf"]}},{"id":470,"url":"https:\/\/dekinternational.com\/wp-content\/uploads\/2025\/03\/g38.png","name":"g38.png","meta":{"brizy_attachment_uid":"wp-d46809c0521ff98396ff4c138fb65fb9.png","brizy_post_uid":["60eed68602bb3a9513d793c0538942cf"]}},{"id":485,"url":"https:\/\/dekinternational.com\/wp-content\/uploads\/2025\/03\/fondo11-scaled.jpg","name":"fondo11.jpg","meta":{"brizy_attachment_uid":"wp-cfd00a395aad9e052a225deed5d514e4.jpg","brizy_post_uid":["60eed68602bb3a9513d793c0538942cf","69ee62c85ecab81200d2cf12d3263c9c"]}}],"_links":{"self":[{"href":"https:\/\/dekinternational.com\/index.php?rest_route=\/wp\/v2\/pages\/120","targetHints":{"allow":["GET"]}}],"collection":[{"href":"https:\/\/dekinternational.com\/index.php?rest_route=\/wp\/v2\/pages"}],"about":[{"href":"https:\/\/dekinternational.com\/index.php?rest_route=\/wp\/v2\/types\/page"}],"author":[{"embeddable":true,"href":"https:\/\/dekinternational.com\/index.php?rest_route=\/wp\/v2\/users\/1"}],"replies":[{"embeddable":true,"href":"https:\/\/dekinternational.com\/index.php?rest_route=%2Fwp%2Fv2%2Fcomments&post=120"}],"version-history":[{"count":5,"href":"https:\/\/dekinternational.com\/index.php?rest_route=\/wp\/v2\/pages\/120\/revisions"}],"predecessor-version":[{"id":1295,"href":"https:\/\/dekinternational.com\/index.php?rest_route=\/wp\/v2\/pages\/120\/revisions\/1295"}],"wp:attachment":[{"href":"https:\/\/dekinternational.com\/index.php?rest_route=%2Fwp%2Fv2%2Fmedia&parent=120"}],"curies":[{"name":"wp","href":"https:\/\/api.w.org\/{rel}","templated":true}]}}