{"id":178,"date":"2021-12-07T15:38:59","date_gmt":"2021-12-07T15:38:59","guid":{"rendered":"https:\/\/websitebuilder-demo.net\/sintix\/?page_id=5"},"modified":"2026-04-06T12:36:17","modified_gmt":"2026-04-06T12:36:17","slug":"demo-home","status":"publish","type":"page","link":"https:\/\/dekinternational.com\/","title":{"rendered":"In\u00edcio"},"content":{"rendered":"<div class=\"brz brz-root__container brz-reset-all brz-root__container-page\">\n<section id=\"f2b17ee508692020375a_pvPj8m94JrH5\" class=\"brz-section brz-css-25ti1o brz-css-172gus8\">\n<div class=\"brz-section__content brz-section--boxed brz-css-oxehtb brz-css-rq4pen\" data-brz-custom-id=\"deUg9HEKWnKb\">\n<div class=\"brz-bg\">\n<div class=\"brz-bg-color\"><\/div>\n<\/div>\n<div class=\"brz-container brz-css-14mp40w brz-css-17hoa6a\">\n<div class=\"brz-wrapper-clone brz-flex-xs-wrap brz-css-1p4yryc brz-css-16t24ib\" data-brz-custom-id=\"wJwhvlXw5i0K\"><a class=\"brz-a brz-btn brz-css-12nejbi brz-css-14yic50 brz-css-1crm9ly brz-css-xmgi5\" href=\"https:\/\/dekinternational.com\/?page_id=346\" target=\"_self\" rel=\"noopener\" data-brz-link-type=\"page\" data-brz-custom-id=\"rRbSrA3GDAxj\"><span data-brz-translate-text=\"1\" class=\"brz-span brz-text__editor\">English<\/span><\/a><\/div>\n<\/div>\n<\/div>\n<\/section>\n<section id=\"6d10ea7c859c69e001bd_wxymaubvfomiientbddshwjcrtlgmyhpymhq\" class=\"brz-section brz-css-1v5kohn brz-css-1x5oeoy\">\n<div class=\"brz-section__content brz-section--boxed brz-css-1i7w0nq brz-css-ebsfzd\" data-brz-custom-id=\"tgjqcrbvkiuetmksermbmwwiygexgokhnkxd\">\n<div class=\"brz-bg\">\n<div class=\"brz-bg-image brz-bg-image-parallax\"><\/div>\n<div class=\"brz-bg-color\"><\/div>\n<div class=\"brz-bg-shape brz-bg-shape__top\"><\/div>\n<div class=\"brz-bg-shape brz-bg-shape__bottom\"><\/div>\n<\/div>\n<div class=\"brz-container brz-css-1lx7rbu brz-css-fv4n17\">\n<div class=\"brz-row__container brz-css-36m4ou brz-css-ic87dp\" data-brz-custom-id=\"oqDuSXXKUXAI\">\n<div class=\"brz-row brz-css-1f9mfqn brz-css-1q1sg17 brz-css-14a6tic\">\n<div class=\"brz-columns brz-css-siw58n brz-css-9f574n\" data-brz-custom-id=\"pH_o3DpG9QOa\">\n<div class=\"brz-column__items brz-css-1hah7py brz-css-yus97p\">\n<div id=\"\" data-brz-iteration-count=\"1\" class=\"brz-css-rs9dkm brz-css-1pb2620 brz-wrapper brz-animated brz-css-nypkaz brz-css-1qw5xf5\" data-animationid=\"bqLAy1s4baaA\">\n<div class=\"brz-rich-text brz-rich-text__custom brz-css-1odjilt brz-css-1kpt3re\" data-brz-custom-id=\"ix_rBjTHbDgP\">\n<div data-brz-translate-text=\"1\">\n<p class=\"brz-fs-sm-50 brz-tp-sm-empty brz-fsft-sm-0 brz-fwdth-sm-100 brz-vfw-sm-400 brz-lh-sm-1_3 brz-ls-sm-0_6 brz-fw-sm-700 brz-fss-sm-px brz-mb-lg-0 brz-mt-lg-0 brz-text-lg-center brz-bcp-color2 brz-text-xs-center brz-tp-lg-empty brz-ff-roboto brz-ft-google brz-fs-lg-75 brz-fss-lg-px brz-fw-lg-700 brz-ls-lg-0_6 brz-lh-lg-1_3 brz-vfw-lg-400 brz-fwdth-lg-100 brz-fsft-lg-0 brz-tp-xs-empty brz-fs-xs-32 brz-fss-xs-px brz-fw-xs-700 brz-ls-xs-0_6 brz-lh-xs-1_3 brz-vfw-xs-400 brz-fwdth-xs-100 brz-fsft-xs-0 brz-css-k0D_n\" data-uniq-id=\"zkr6n\" data-generated-css=\"brz-css-ijILn\"><em class=\"brz-italic-true\">La <\/em><em class=\"brz-italic-true brz-cp-color3\">calidad <\/em><em class=\"brz-italic-true\">nos define, la <\/em><em class=\"brz-italic-true brz-cp-color3\">confianza <\/em><em class=\"brz-italic-true\">nos une.<\/em><\/p>\n<\/div>\n<\/div>\n<\/div>\n<div id=\"\" class=\"brz-css-rs9dkm brz-css-1dn403a brz-css-y5d3uz brz-wrapper\">\n<div class=\"brz-spacer brz-css-5oxc9 brz-css-psugmg\"><\/div>\n<\/div>\n<\/div>\n<\/div>\n<\/div>\n<\/div>\n<\/div>\n<\/div>\n<\/section>\n<section id=\"8d8aef6265d5c961bd73_wimjkequiynuxmsmjhpfksrxutuhtdrbiihz\" class=\"brz-section brz-css-409uzt brz-css-1jmjzj6\">\n<div class=\"brz-section__content brz-section--boxed brz-css-1wwh15e brz-css-c55t6z\" data-brz-custom-id=\"utzzbtfjkngdgxwfpzgfbhggjeddmdacrvjm\">\n<div class=\"brz-bg\">\n<div class=\"brz-bg-color\"><\/div>\n<div class=\"brz-bg-shape brz-bg-shape__bottom\"><\/div>\n<\/div>\n<div class=\"brz-container brz-css-48ebrg brz-css-9rxlfc\">\n<div id=\"\" class=\"brz-css-5e1zur brz-css-1mkkfip brz-wrapper\">\n<div class=\"brz-rich-text brz-rich-text__custom brz-css-1wjephz brz-css-h4dezm\" data-brz-custom-id=\"ioanpensbeqbblmyfydoagxerrapbbpfwaka\">\n<div data-brz-translate-text=\"1\">\n<p class=\"brz-text-lg-center brz-tp-lg-heading3 brz-fss-sm-px brz-fw-sm-400 brz-ls-sm-0_5 brz-lh-sm-1_3 brz-vfw-sm-400 brz-fwdth-sm-100 brz-fsft-sm-0 brz-tp-sm-empty brz-fs-sm-37 brz-css-pUthu\" data-generated-css=\"brz-css-zFaSH\" data-uniq-id=\"vu5OH\"><span class=\"brz-cp-color8\">Productos<\/span><\/p>\n<\/div>\n<\/div>\n<\/div>\n<div id=\"\" class=\"brz-css-5e1zur brz-css-mvee7g brz-wrapper\">\n<div class=\"brz-line brz-line-default brz-css-ip1eow brz-css-12dzwr7\" data-brz-custom-id=\"qxzpuyrslsdbuxqdnxznfqrkuvokfnxzksqs\">\n<hr class=\"brz-hr\"><\/div>\n<\/div>\n<div id=\"\" class=\"brz-css-5e1zur brz-css-1nzsjy8 brz-css-1l1xa8o brz-wrapper\">\n<div class=\"brz-spacer brz-css-g25eaq brz-css-1a5jp04\"><\/div>\n<\/div>\n<div class=\"brz-row__container brz-css-j8ph6r brz-css-1pxmk68\" data-brz-custom-id=\"vuxdqzkutxnwhifqjjyfiwzqnpjceoocsswq\">\n<div class=\"brz-row brz-css-7vhsbd brz-css-19ul1kr brz-css-1jh2j0g\">\n<div class=\"brz-columns brz-css-1biudr5 brz-css-1qbxiik\" data-brz-custom-id=\"adwxfzjdvnknzmuucplobaqitzxsolbxfzsn\">\n<div class=\"brz-column__items brz-css-rsv1wx brz-css-tg2vcv\">\n<div class=\"brz-row__container brz-css-j8ph6r brz-css-1tgv8ej\" data-brz-custom-id=\"rjdpturcfpbcwufmonmiwntrdipgczsgjelr\">\n<div class=\"brz-row brz-row--inner brz-css-7vhsbd brz-css-19ul1kr brz-css-17kgjo2\">\n<div class=\"brz-columns brz-css-1biudr5 brz-css-12n3zrc\" data-brz-custom-id=\"wennbdedhasvxjszakmkvjvmyvllncryulcw\">\n<div class=\"brz-column__items brz-css-rsv1wx brz-css-564rmb\">\n<div id=\"\" class=\"brz-css-5e1zur brz-css-1vqdiug brz-wrapper\">\n<div class=\"brz-hover-animation__container brz-css-1juzeu brz-css-12vgn7n\" data-brz-hover-animationid=\"kGP4l_D8bQtH\" data-brz-hover-options=\"%7B%22fill%22:%22forwards%22,%22easing%22:%22ease%22,%22duration%22:600,%22iterations%22:1%7D\" data-brz-hover-reversible=\"true\" data-brz-hover-target=\"%22firstChild%22\" data-brz-hover-animation=\"%5B%7B%22WebkitTransform%22:%22scale(0.9)%22,%22transform%22:%22scale(0.9)%22,%22offset%22:1%7D%5D\" data-brz-custom-id=\"mj4TuQSbH28n\">\n<div class=\"brz-image brz-image--hovered brz-css-1g3l0hn brz-css-1t2xi8j\"><a class=\"brz-a\" href=\"https:\/\/dekinternational.com\/?page_id=120\" target=\"_self\" rel=\"noopener\" data-brz-link-type=\"page\"><img decoding=\"async\" class=\"brz-img\" src=\"https:\/\/dekinternational.com\/wp-content\/uploads\/2025\/03\/Progresivo1.png\" alt=\"\" title=\"Progresivo1\" loading=\"lazy\"><\/a><\/div>\n<\/div>\n<\/div>\n<\/div>\n<\/div>\n<\/div>\n<\/div>\n<\/div>\n<\/div>\n<div class=\"brz-columns brz-css-1biudr5 brz-css-15k29oj\" data-brz-custom-id=\"mulvpamptqdldlaqdkuouyopoeolpveilpob\">\n<div class=\"brz-column__items brz-css-rsv1wx brz-css-onf2td\">\n<div class=\"brz-row__container brz-css-j8ph6r brz-css-2p6n75\" data-brz-custom-id=\"rafxhrnoovcqthdqvclvkyznovkvfkeagdnc\">\n<div class=\"brz-row brz-row--inner brz-css-7vhsbd brz-css-19ul1kr brz-css-16hb7bm\">\n<div class=\"brz-columns brz-css-1biudr5 brz-css-1iir3du\" data-brz-custom-id=\"jrvichkwgsuamvrreljculaozgajezfkqpan\">\n<div class=\"brz-column__items brz-css-rsv1wx brz-css-5jvjy3\">\n<div id=\"\" class=\"brz-css-5e1zur brz-css-nitant brz-wrapper\">\n<div class=\"brz-hover-animation__container brz-css-19y3vfv brz-css-has2fq\" data-brz-hover-animationid=\"zA9ckHS4AYAS\" data-brz-hover-options=\"%7B%22fill%22:%22forwards%22,%22easing%22:%22ease%22,%22duration%22:600,%22iterations%22:1%7D\" data-brz-hover-reversible=\"true\" data-brz-hover-target=\"%22firstChild%22\" data-brz-hover-animation=\"%5B%7B%22WebkitTransform%22:%22scale(0.9)%22,%22transform%22:%22scale(0.9)%22,%22offset%22:1%7D%5D\" data-brz-custom-id=\"w6jLTw1aBqaB\">\n<div class=\"brz-image brz-image--hovered brz-css-1dl9057 brz-css-w7axc3\"><a class=\"brz-a\" href=\"https:\/\/dekinternational.com\/?page_id=179\" target=\"_self\" rel=\"noopener\" data-brz-link-type=\"page\"><img decoding=\"async\" class=\"brz-img\" src=\"https:\/\/dekinternational.com\/wp-content\/uploads\/2025\/03\/Baccarat1.png\" alt=\"\" title=\"Baccarat1\" loading=\"lazy\"><\/a><\/div>\n<\/div>\n<\/div>\n<\/div>\n<\/div>\n<\/div>\n<\/div>\n<\/div>\n<\/div>\n<\/div>\n<\/div>\n<\/div>\n<\/div>\n<\/section>\n<section id=\"46ad48e36a20b3e13497_ysRGJuwlh1Ug\" class=\"brz-section brz-css-gua4p8 brz-css-12v6rvf\">\n<div class=\"brz-section__content brz-section--boxed brz-css-35xvr7 brz-css-1n50dgy\" data-brz-custom-id=\"yT_BvZH_GhMV\">\n<div class=\"brz-bg\">\n<div class=\"brz-bg-color\"><\/div>\n<\/div>\n<div class=\"brz-container brz-css-1gzzwrm brz-css-18bxp5q\">\n<div id=\"\" class=\"brz-css-hu3k5h brz-css-xvefs8 brz-css-10lr1to brz-wrapper\">\n<div class=\"brz-spacer brz-css-vcdq5e brz-css-1khxn8h\"><\/div>\n<\/div>\n<div class=\"brz-row__container brz-css-ukokrm brz-css-1m9o9ed\" data-brz-custom-id=\"yy2PQE_PKlwO\">\n<div class=\"brz-row brz-css-g7wxo1 brz-css-1xoh635 brz-css-1xrw0u\">\n<div class=\"brz-columns brz-css-17ud6e4 brz-css-mbvg62\" data-brz-custom-id=\"qROY9oPB7_Y7\">\n<div class=\"brz-column__items brz-css-1k2vc72 brz-css-2b7eqg\">\n<div id=\"\" class=\"brz-css-hu3k5h brz-css-jpiyjc brz-wrapper\">\n<div class=\"brz-rich-text brz-rich-text__custom brz-css-14gwgtm brz-css-lec0b3\" data-brz-custom-id=\"yukdErDJyXEH\">\n<div data-brz-translate-text=\"1\">\n<h2 class=\"brz-tp-lg-heading2 brz-text-xs-left brz-tp-xs-empty brz-fs-xs-22 brz-fss-xs-px brz-fw-xs-700 brz-ls-xs-0_5 brz-lh-xs-1_3 brz-vfw-xs-400 brz-fwdth-xs-100 brz-fsft-xs-0 brz-css-pwkVQ\" data-generated-css=\"brz-css-fJbKj\" data-uniq-id=\"ita9g\"><span class=\"brz-cp-color2\">30 a\u00f1os avanzando con <\/span><strong class=\"brz-cp-color3\">tecnolog\u00eda<\/strong><strong class=\"brz-cp-color2\">, <\/strong><strong class=\"brz-cp-color3\">evoluci\u00f3n <\/strong><strong class=\"brz-cp-color2\">y <\/strong><strong class=\"brz-cp-color3\">relaciones s\u00f3lidas<\/strong><strong class=\"brz-cp-color2\">.<\/strong><\/h2>\n<\/div>\n<\/div>\n<\/div>\n<div class=\"brz-row__container brz-css-ukokrm brz-css-1chd00i\" data-brz-custom-id=\"pFtb2tA4z147\">\n<div class=\"brz-row brz-row--inner brz-css-g7wxo1 brz-css-1xoh635 brz-css-1ltrbys\">\n<div class=\"brz-columns brz-css-17ud6e4 brz-css-q1dmxj\" data-brz-custom-id=\"eJ8eBxRAKsoX\">\n<div class=\"brz-column__items brz-css-1k2vc72 brz-css-fesyn5\">\n<div id=\"\" class=\"brz-css-hu3k5h brz-css-1tr9x09 brz-wrapper\">\n<div class=\"brz-rich-text brz-rich-text__custom brz-css-14gwgtm brz-css-52385l\" data-brz-custom-id=\"tK5gsRR5j5x9\">\n<div data-brz-translate-text=\"1\">\n<p class=\"brz-fsft-lg-0 brz-fwdth-lg-100 brz-vfw-lg-400 brz-lh-lg-1_7 brz-ls-lg-0 brz-fw-lg-400 brz-fss-lg-px brz-fs-lg-25 brz-ft-google brz-ff-oswald brz-tp-lg-empty brz-text-lg-right brz-text-xs-center brz-fss-xs-px brz-fw-xs-400 brz-ls-xs-0 brz-lh-xs-1_7 brz-vfw-xs-400 brz-fwdth-xs-100 brz-fsft-xs-0 brz-tp-xs-empty brz-fs-xs-14 brz-css-g0tMw\" data-generated-css=\"brz-css-mmYCc\" data-uniq-id=\"d6t89\"><span class=\"brz-cp-color6\">Conoce nuestra historia y el camino que hemos recorrido&#8230;<\/span><\/p>\n<\/div>\n<\/div>\n<\/div>\n<\/div>\n<\/div>\n<\/div>\n<\/div>\n<div data-brz-iteration-count=\"1\" class=\"brz-wrapper-clone brz-flex-xs-wrap brz-css-9sh0ea brz-css-1i3ktyr brz-animated brz-css-xltlkq brz-css-2hui7p\" data-animationid=\"pr7Bwowz5iVP\" data-brz-custom-id=\"pr7Bwowz5iVP\"><a class=\"brz-a brz-btn brz-css-2slbwx brz-css-11rn77u brz-css-1d3926t brz-css-uc58nv\" href=\"https:\/\/dekinternational.com\/?page_id=79\" target=\"_self\" rel=\"noopener\" data-brz-link-type=\"page\" data-brz-custom-id=\"gs53PKxo5AeV\"><span data-brz-translate-text=\"1\" class=\"brz-span brz-text__editor\">Historia<\/span><\/a><\/div>\n<div id=\"\" class=\"brz-css-hu3k5h brz-css-xvefs8 brz-css-1c7xvuk brz-wrapper\">\n<div class=\"brz-spacer brz-css-vcdq5e brz-css-yax1aq\"><\/div>\n<\/div>\n<\/div>\n<\/div>\n<\/div>\n<\/div>\n<\/div>\n<\/div>\n<\/section>\n<section id=\"8581535d3fd9a4d8169c_itSyHQmiqJl6\" class=\"brz-section brz-css-1ybrmvr brz-css-1rdgzqe\">\n<div class=\"brz-section__content brz-section--boxed brz-css-192gn1m brz-css-ag2g9u\" data-brz-custom-id=\"g7oVMIpN8_ry\">\n<div class=\"brz-bg\">\n<div class=\"brz-bg-color\"><\/div>\n<div class=\"brz-bg-shape brz-bg-shape__top\"><\/div>\n<div class=\"brz-bg-shape brz-bg-shape__bottom\"><\/div>\n<\/div>\n<div class=\"brz-container brz-css-1wr1cdj brz-css-1v2390t\">\n<div id=\"\" class=\"brz-css-w1r3j8 brz-css-rt2016 brz-css-1wkh8sl brz-wrapper\">\n<div class=\"brz-spacer brz-css-18vl7qs brz-css-1ac4bde\"><\/div>\n<\/div>\n<div class=\"brz-row__container brz-css-1kjk5eu brz-css-1reoofu\" data-brz-custom-id=\"qlmW0nHFGmoA\">\n<div class=\"brz-row brz-css-1xu72m0 brz-css-8yy1ex brz-css-1y9qrro\">\n<div class=\"brz-columns brz-css-14xycxw brz-css-de7cqw\" data-brz-custom-id=\"u3Gg_vi7SW4d\">\n<div class=\"brz-column__items brz-css-1c6gcbl brz-css-bwj4hy\"><\/div>\n<\/div>\n<div class=\"brz-columns brz-css-14xycxw brz-css-mgxskp\" data-brz-custom-id=\"v9zhy8IHXWL_\">\n<div class=\"brz-column__items brz-css-1c6gcbl brz-css-8yd029\">\n<div id=\"\" class=\"brz-css-w1r3j8 brz-css-rt2016 brz-css-69ortw brz-wrapper\">\n<div class=\"brz-spacer brz-css-18vl7qs brz-css-12x419l\"><\/div>\n<\/div>\n<div id=\"\" class=\"brz-css-w1r3j8 brz-css-rt2016 brz-css-qidbbz brz-wrapper\">\n<div class=\"brz-spacer brz-css-18vl7qs brz-css-1ljc5p2\"><\/div>\n<\/div>\n<div class=\"brz-wrapper-clone brz-flex-xs-wrap brz-css-1aghdzg brz-css-jap1t2\" data-brz-custom-id=\"sXXRFdy7QVs2\">\n<div class=\"brz-icon__container\" data-brz-custom-id=\"dRnadsLzjBmm\">\n<div class=\"brz-hover-animation__container\" data-brz-hover-animationid=\"sXXRFdy7QVs2\" data-brz-hover-options=\"%7B%22fill%22:%22forwards%22,%22easing%22:%22ease%22,%22duration%22:600,%22iterations%22:1%7D\" data-brz-hover-reversible=\"true\" data-brz-hover-target=\"%22firstChild%22\" data-brz-hover-animation=\"%5B%7B%22WebkitTransform%22:%22translateY(-0px)%22,%22transform%22:%22translateY(-0px)%22,%22offset%22:0%7D,%7B%22WebkitTransform%22:%22translateY(-8px)%22,%22transform%22:%22translateY(-8px)%22,%22offset%22:1%7D%5D\"><a class=\"brz-a\" href=\"https:\/\/dekinternational.com\/?page_id=88\" target=\"_self\" rel=\"noopener\" data-brz-link-type=\"page\"><span class=\"brz-icon brz-span brz-css-fhv0ke brz-css-1culb0o\"><\/span><\/a><\/div>\n<\/div>\n<\/div>\n<div id=\"\" class=\"brz-css-w1r3j8 brz-css-2j08fx brz-wrapper\">\n<div class=\"brz-rich-text brz-rich-text__custom brz-css-8g3yvr brz-css-1uljtcz\" data-brz-custom-id=\"eJt7gIuiGOdb\">\n<div data-brz-translate-text=\"1\">\n<p data-generated-css=\"brz-css-w04sg\" data-uniq-id=\"cUq37\" class=\"brz-tp-lg-heading5 brz-text-lg-center brz-bcp-color2 brz-css-yRuY0\"><span class=\"brz-cp-color2\">Empleo<\/span><\/p>\n<\/div>\n<\/div>\n<\/div>\n<\/div>\n<\/div>\n<div class=\"brz-columns brz-css-14xycxw brz-css-1hsxwxr\" data-brz-custom-id=\"v9zYCE4I7JGn\">\n<div class=\"brz-column__items brz-css-1c6gcbl brz-css-u3bhl\">\n<div id=\"\" class=\"brz-css-w1r3j8 brz-css-rt2016 brz-css-5lar8m brz-wrapper\">\n<div class=\"brz-spacer brz-css-18vl7qs brz-css-164pgpd\"><\/div>\n<\/div>\n<div id=\"\" class=\"brz-css-w1r3j8 brz-css-1wthdww brz-wrapper\">\n<div class=\"brz-rich-text brz-rich-text__custom brz-css-8g3yvr brz-css-1357sr1\" data-brz-custom-id=\"oCYncYTDwb4q\">\n<div data-brz-translate-text=\"1\">\n<p data-generated-css=\"brz-css-dDfpZ\" data-uniq-id=\"bJfbA\" class=\"brz-tp-lg-heading5 brz-bcp-color2 brz-text-lg-center brz-css-sC8NC\"><span class=\"brz-cp-color2\">Contacto<\/span><\/p>\n<\/div>\n<\/div>\n<\/div>\n<div class=\"brz-wrapper-clone brz-flex-xs-wrap brz-css-1aghdzg brz-css-1qiu9o3\" data-brz-custom-id=\"gbqE3_oAatbD\">\n<div class=\"brz-icon__container\" data-brz-custom-id=\"ebbnXj86Y9U5\">\n<div class=\"brz-hover-animation__container\" data-brz-hover-animationid=\"gbqE3_oAatbD\" data-brz-hover-options=\"%7B%22fill%22:%22forwards%22,%22easing%22:%22ease%22,%22duration%22:600,%22iterations%22:1%7D\" data-brz-hover-reversible=\"true\" data-brz-hover-target=\"%22firstChild%22\" data-brz-hover-animation=\"%5B%7B%22WebkitTransform%22:%22translateY(-0px)%22,%22transform%22:%22translateY(-0px)%22,%22offset%22:0%7D,%7B%22WebkitTransform%22:%22translateY(-8px)%22,%22transform%22:%22translateY(-8px)%22,%22offset%22:1%7D%5D\"><a class=\"brz-a\" href=\"https:\/\/dekinternational.com\/?page_id=136\" target=\"_self\" rel=\"noopener\" data-brz-link-type=\"page\"><span class=\"brz-icon brz-span brz-css-fhv0ke brz-css-1ceczsq\"><\/span><\/a><\/div>\n<\/div>\n<\/div>\n<\/div>\n<\/div>\n<div class=\"brz-columns brz-css-14xycxw brz-css-xsro6z\" data-brz-custom-id=\"tmtOnpdq9BRD\">\n<div class=\"brz-column__items brz-css-1c6gcbl brz-css-ithyn8\"><\/div>\n<\/div>\n<\/div>\n<\/div>\n<\/div>\n<\/div>\n<\/section><\/div>\n<p><!-- version:1755188070 --><\/p>\n","protected":false},"excerpt":{"rendered":"<p>English La calidad nos define, la confianza nos une. Productos 30 a\u00f1os avanzando con tecnolog\u00eda, evoluci\u00f3n y relaciones s\u00f3lidas. Conoce nuestra historia y el camino que hemos recorrido&#8230; Historia Empleo Contacto<\/p>\n","protected":false},"author":1,"featured_media":158,"parent":0,"menu_order":0,"comment_status":"closed","ping_status":"closed","template":"brizy-blank-template.php","meta":{"footnotes":""},"class_list":["post-178","page","type-page","status-publish","has-post-thumbnail","hentry","entry"],"brizy_media":[{"id":192,"url":"https:\/\/dekinternational.com\/wp-content\/uploads\/2025\/01\/gambling-602976_1280-1.jpg","name":"gambling-602976_1280-1.jpg","meta":{"brizy_attachment_uid":"wp-bef2130b7c83eba88cd2329612c64751.jpg","brizy_post_uid":["15dd5d9d9be38d802bdc8953fe019d2d"]}},{"id":195,"url":"https:\/\/dekinternational.com\/wp-content\/uploads\/2025\/01\/pexels-drewrae-1871508-1-scaled.jpg","name":"pexels-drewrae-1871508-1.jpg","meta":{"brizy_attachment_uid":"wp-f51a936c942fc36e60807fbbfc930467.jpg","brizy_post_uid":["15dd5d9d9be38d802bdc8953fe019d2d"]}},{"id":198,"url":"https:\/\/dekinternational.com\/wp-content\/uploads\/2025\/01\/pexels-javon-swaby-197616-3279691-1-scaled.jpg","name":"pexels-javon-swaby-197616-3279691-1.jpg","meta":{"brizy_attachment_uid":"wp-29d65a0cad7c757c5a937269b9cb84e9.jpg","brizy_post_uid":["15dd5d9d9be38d802bdc8953fe019d2d"]}},{"id":199,"url":"https:\/\/dekinternational.com\/wp-content\/uploads\/2025\/01\/pexels-javon-swaby-197616-3279695-1-scaled.jpg","name":"pexels-javon-swaby-197616-3279695-1.jpg","meta":{"brizy_attachment_uid":"wp-da2dbd9e956570ab94c5d7a6850bb064.jpg","brizy_post_uid":["15dd5d9d9be38d802bdc8953fe019d2d","fc11270f0337bc2466c990b04bfeadf8"]}},{"id":200,"url":"https:\/\/dekinternational.com\/wp-content\/uploads\/2025\/01\/pexels-markusspiske-105470-1-scaled.jpg","name":"pexels-markusspiske-105470-1.jpg","meta":{"brizy_attachment_uid":"wp-d1601b5240e39751d33f958d2cb1ad13.jpg","brizy_post_uid":["15dd5d9d9be38d802bdc8953fe019d2d"]}},{"id":203,"url":"https:\/\/dekinternational.com\/wp-content\/uploads\/2025\/01\/pexels-pixabay-262333-1-scaled.jpg","name":"pexels-pixabay-262333-1.jpg","meta":{"brizy_attachment_uid":"wp-8e5333128ece364146fed7afd474836c.jpg","brizy_post_uid":["15dd5d9d9be38d802bdc8953fe019d2d"]}},{"id":209,"url":"https:\/\/dekinternational.com\/wp-content\/uploads\/2025\/01\/LOGO-DEK.png","name":"LOGO-DEK.png","meta":{"brizy_attachment_uid":"wp-747ed761227b2f5cfb595417854ba13c.png","brizy_post_uid":["15dd5d9d9be38d802bdc8953fe019d2d","381640fdae5bdd86356ffdcad099b06c","60eed68602bb3a9513d793c0538942cf","f754b35d8882168e8193a3c2307a4020"]}},{"id":210,"url":"https:\/\/dekinternational.com\/wp-content\/uploads\/2025\/01\/LOGO-GAMEJUSTGOTBETTER.png","name":"LOGO-GAMEJUSTGOTBETTER.png","meta":{"brizy_attachment_uid":"wp-40a62ae9d1c255505cc9f2c18817cc2e.png","brizy_post_uid":["15dd5d9d9be38d802bdc8953fe019d2d"]}},{"id":368,"url":"https:\/\/dekinternational.com\/wp-content\/uploads\/2025\/03\/b731902c6bf15805972db395c1ec4670.png","name":"b731902c6bf15805972db395c1ec4670.png","meta":{"brizy_attachment_uid":"b731902c6bf15805972db395c1ec4670.png","brizy_post_uid":["15dd5d9d9be38d802bdc8953fe019d2d"]}},{"id":422,"url":"https:\/\/dekinternational.com\/wp-content\/uploads\/2025\/03\/pexels-pavel-danilyuk-7594313-scaled.jpg","name":"pexels-pavel-danilyuk-7594313.jpg","meta":{"brizy_attachment_uid":"wp-d0c0aace01a680b2004fe75ac123c7f4.jpg","brizy_post_uid":["15dd5d9d9be38d802bdc8953fe019d2d"]}},{"id":564,"url":"https:\/\/dekinternational.com\/wp-content\/uploads\/2025\/03\/pexels-seven11nash-380769_FINAL.png","name":"pexels-seven11nash-380769_FINAL.png","meta":{"brizy_attachment_uid":"wp-d1e1f4aa4e0d12c92bec4cd1e9fcac48.png","brizy_post_uid":["69ee62c85ecab81200d2cf12d3263c9c","15dd5d9d9be38d802bdc8953fe019d2d"]}},{"id":589,"url":"https:\/\/dekinternational.com\/wp-content\/uploads\/2025\/03\/Progresivo1.png","name":"Progresivo1.png","meta":{"brizy_attachment_uid":"wp-ee934e49aed32cf0398eb3dfa2bc11c5.png","brizy_post_uid":["15dd5d9d9be38d802bdc8953fe019d2d"]}},{"id":590,"url":"https:\/\/dekinternational.com\/wp-content\/uploads\/2025\/03\/Baccarat1.png","name":"Baccarat1.png","meta":{"brizy_attachment_uid":"wp-832cc690934d4b45bdc443469477db1f.png","brizy_post_uid":["15dd5d9d9be38d802bdc8953fe019d2d"]}},{"id":638,"url":"https:\/\/dekinternational.com\/wp-content\/uploads\/2025\/04\/Untitled-1.png","name":"Untitled-1.png","meta":{"brizy_attachment_uid":"wp-a070488bb9c9ea593c5889ba508f8ce6.png","brizy_post_uid":["f754b35d8882168e8193a3c2307a4020","15dd5d9d9be38d802bdc8953fe019d2d"]}}],"_links":{"self":[{"href":"https:\/\/dekinternational.com\/index.php?rest_route=\/wp\/v2\/pages\/178","targetHints":{"allow":["GET"]}}],"collection":[{"href":"https:\/\/dekinternational.com\/index.php?rest_route=\/wp\/v2\/pages"}],"about":[{"href":"https:\/\/dekinternational.com\/index.php?rest_route=\/wp\/v2\/types\/page"}],"author":[{"embeddable":true,"href":"https:\/\/dekinternational.com\/index.php?rest_route=\/wp\/v2\/users\/1"}],"replies":[{"embeddable":true,"href":"https:\/\/dekinternational.com\/index.php?rest_route=%2Fwp%2Fv2%2Fcomments&post=178"}],"version-history":[{"count":5,"href":"https:\/\/dekinternational.com\/index.php?rest_route=\/wp\/v2\/pages\/178\/revisions"}],"predecessor-version":[{"id":1290,"href":"https:\/\/dekinternational.com\/index.php?rest_route=\/wp\/v2\/pages\/178\/revisions\/1290"}],"wp:featuredmedia":[{"embeddable":true,"href":"https:\/\/dekinternational.com\/index.php?rest_route=\/wp\/v2\/media\/158"}],"wp:attachment":[{"href":"https:\/\/dekinternational.com\/index.php?rest_route=%2Fwp%2Fv2%2Fmedia&parent=178"}],"curies":[{"name":"wp","href":"https:\/\/api.w.org\/{rel}","templated":true}]}}