{"id":179,"date":"2021-12-07T15:42:34","date_gmt":"2021-12-07T15:42:34","guid":{"rendered":"https:\/\/websitebuilder-demo.net\/sintix\/?page_id=108"},"modified":"2026-04-06T22:52:38","modified_gmt":"2026-04-06T22:52:38","slug":"demo-single-game","status":"publish","type":"page","link":"https:\/\/dekinternational.com\/?page_id=179","title":{"rendered":"Baccarat"},"content":{"rendered":"<div class=\"brz brz-root__container brz-reset-all brz-root__container-page\">\n<section id=\"3c1e9a9fe8520962287a_ovxdodalwaxhikewerovlvkoodiidhonjjgw\" class=\"brz-section brz-css-19eu9hx brz-css-v66nu7\">\n<div class=\"brz-section__content brz-section--boxed brz-css-rx5i62 brz-css-6fa9xy\" data-brz-custom-id=\"khblbcshlgyvupznsuzpimqscbabtvowstgb\">\n<div class=\"brz-bg\">\n<div class=\"brz-bg-image brz-bg-image-parallax\"><\/div>\n<div class=\"brz-bg-color\"><\/div>\n<div class=\"brz-bg-shape brz-bg-shape__top\"><\/div>\n<div class=\"brz-bg-shape brz-bg-shape__bottom\"><\/div>\n<\/div>\n<div class=\"brz-container brz-css-xaab23 brz-css-1eml7a3\">\n<div id=\"\" class=\"brz-css-bnusub brz-css-1if1ek5 brz-wrapper\">\n<div class=\"brz-rich-text brz-rich-text__custom brz-css-krcglm brz-css-dx8536\" data-brz-custom-id=\"iabJipL24dse\">\n<div data-brz-translate-text=\"1\">\n<p class=\"brz-fsft-lg-0 brz-fwdth-lg-100 brz-vfw-lg-400 brz-lh-lg-1_4 brz-ls-lg-0 brz-fw-lg-600 brz-fss-lg-px brz-fs-lg-85 brz-ft-google brz-ff-oswald brz-tp-lg-empty brz-bcp-color7 brz-text-lg-center brz-text-xs-left brz-tp-xs-empty brz-fs-xs-35 brz-fss-xs-px brz-fw-xs-600 brz-ls-xs-0 brz-lh-xs-1_4 brz-vfw-xs-400 brz-fwdth-xs-100 brz-fsft-xs-0 brz-css-fpP7h\" data-generated-css=\"brz-css-oA1AV\" data-uniq-id=\"e460E\"><span class=\"brz-scp-color1 brz-cp-color7\">La elegancia del <\/span><span class=\"brz-scp-color1 brz-cp-color3\">Baccarat<\/span><span class=\"brz-scp-color1 brz-cp-color7\">, al Mejor <\/span><span class=\"brz-scp-color1 brz-cp-color3\">Precio <\/span><span class=\"brz-scp-color1 brz-cp-color7\">del Mercado<\/span><\/p>\n<\/div>\n<\/div>\n<\/div>\n<\/div>\n<\/div>\n<\/section>\n<section id=\"5149cb4493acaff7cd15_tIyC9oRk7QJX\" class=\"brz-section brz-css-ve2gge brz-css-1e2v2o9\">\n<div class=\"brz-section__content brz-section--boxed brz-css-59me8f brz-css-a90x37\" data-brz-custom-id=\"vDPIX827eVbj\">\n<div class=\"brz-bg\">\n<div class=\"brz-bg-color\"><\/div>\n<\/div>\n<div class=\"brz-container brz-css-1aq7lgo brz-css-7dlgoi\">\n<div id=\"\" class=\"brz-css-evp0yw brz-css-1ueiv6w brz-wrapper\">\n<div class=\"brz-video brz-custom-video brz-video-on-controls-hidden brz-css-mjhf6o brz-css-1gripqi\" data-brz-custom-id=\"sVL8PefwlFJk\">\n<div class=\"brz-video-content\" data-loop=\"false\" data-muted=\"false\" data-autoplay=\"off\">\n<div class=\"video-wrapper brz-image-fix-16-9\">\n<div class=\"brz-shortcode__placeholder\"><\/div>\n<\/div>\n<div class=\"brz-video-elem\">\n<div class=\"brz-video-custom-video-controls\">\n<div class=\"brz-video-custom-play-pause-btn\"><\/div>\n<div class=\"brz-video-custom-controls\"><span class=\"brz-video-custom-current-time\">0:00<\/span><\/p>\n<div class=\"brz-video-custom-slider\">\n<div class=\"brz-video-custom-progress\"><\/div>\n<\/div>\n<p><span class=\"brz-video-custom-total-time\">0:00<\/span><\/div>\n<div class=\"brz-video-custom-volume\">\n<div class=\"brz-video-custom-fullscreen-btn\"><\/div>\n<div class=\"brz-video-custom-volume-btn\"><\/div>\n<div class=\"brz-video-custom-volume-controls brz-video-custom-slider\">\n<div class=\"brz-video-custom-progress\"><\/div>\n<\/div>\n<\/div>\n<\/div>\n<p><video data-time-start=\"0\" data-time-end=\"0\" class=\"brz-hidden intrinsic-ignore\" preload=\"none\" data-autoplay=\"off\" src=\"https:\/\/dekinternational.com\/wp-content\/uploads\/2025\/08\/Apuntador-de-Baccarat-Dek-Premium.mp4\" playsinline=\"\"><\/video><\/div>\n<\/div>\n<\/div>\n<\/div>\n<\/div>\n<\/div>\n<\/section>\n<section id=\"fa59d51a0cbcf8c78643_nuYbKt_Ism4R\" class=\"brz-section brz-css-1p08smz brz-css-ggphxo\">\n<div class=\"brz-section__content brz-section--boxed brz-css-3tr1ht brz-css-hx41io\" data-brz-custom-id=\"x0lHc7qoJLVO\">\n<div class=\"brz-bg\">\n<div class=\"brz-bg-color\"><\/div>\n<div class=\"brz-bg-shape brz-bg-shape__bottom\"><\/div>\n<\/div>\n<div class=\"brz-container brz-css-1o544nl brz-css-1gy9e1l\">\n<div id=\"\" class=\"brz-css-hn8od5 brz-css-1p9pg06 brz-wrapper\">\n<div class=\"brz-rich-text brz-rich-text__custom brz-css-1fewbzy brz-css-c1vhvv\" data-brz-custom-id=\"xoLK7x6LKYll\">\n<div data-brz-translate-text=\"1\">\n<p class=\"brz-text-lg-center brz-tp-lg-empty brz-ff-oswald brz-ft-google brz-fs-lg-22 brz-fss-lg-px brz-fw-lg-700 brz-ls-lg-0_5 brz-lh-lg-1_6 brz-vfw-lg-400 brz-fwdth-lg-100 brz-fsft-lg-0 brz-text-xs-left brz-tp-xs-empty brz-fs-xs-17 brz-fss-xs-px brz-fw-xs-700 brz-ls-xs-0_5 brz-lh-xs-1_6 brz-vfw-xs-400 brz-fwdth-xs-100 brz-fsft-xs-0 brz-css-i1eq5\" data-generated-css=\"brz-css-gfz3T\" data-uniq-id=\"yCteK\"><span class=\"brz-cp-color7\">Una soluci\u00f3n de Baccarat accesible y eficiente, dise\u00f1ada para maximizar rentabilidad sin comprometer el rendimiento.<\/span><\/p>\n<\/div>\n<\/div>\n<\/div>\n<div id=\"\" class=\"brz-css-hn8od5 brz-css-r5ix01 brz-css-z5hv3n brz-wrapper\">\n<div class=\"brz-spacer brz-css-15dy5sh brz-css-1up9vel\"><\/div>\n<\/div>\n<div class=\"brz-row__container brz-css-hw0w60 brz-css-1hxocaw\" data-brz-custom-id=\"ucHmuDXV7nam\">\n<div class=\"brz-row brz-css-qvleky brz-css-14lxnnr brz-css-nqzpsi\">\n<div class=\"brz-columns brz-css-r0cjl5 brz-css-166rxv1\" data-brz-custom-id=\"w1kt3K_UON8i\">\n<div class=\"brz-column__items brz-css-1vetni5 brz-css-1hg7ay6\">\n<div class=\"brz-wrapper-clone brz-flex-xs-wrap brz-css-1tuo0e brz-css-1bszfls\" data-brz-custom-id=\"jH2fK2wmiYH_\">\n<div class=\"brz-icon__container\" data-brz-custom-id=\"bIlraMIIzrDc\"><span class=\"brz-icon brz-span brz-css-2t6ldo brz-css-2jikuv\"><\/span><\/div>\n<\/div>\n<div id=\"\" class=\"brz-css-hn8od5 brz-css-n4449t brz-wrapper\">\n<div class=\"brz-rich-text brz-rich-text__custom brz-css-1fewbzy brz-css-sf9r0p\" data-brz-custom-id=\"gZ2Y6zVNa4yd\">\n<div data-brz-translate-text=\"1\">\n<p class=\"brz-text-lg-center brz-fss-lg-px brz-fw-lg-500 brz-ls-lg-0_5 brz-lh-lg-1_6 brz-vfw-lg-400 brz-fwdth-lg-100 brz-fsft-lg-0 brz-tp-lg-empty brz-ff-oswald brz-ft-google brz-fs-lg-19 brz-css-gNwiC\" data-uniq-id=\"th8f2\" data-generated-css=\"brz-css-fXf9h\"><span class=\"brz-cp-color2\">CARACTER\u00cdSTICAS<\/span><\/p>\n<\/div>\n<\/div>\n<\/div>\n<div id=\"\" class=\"brz-css-hn8od5 brz-css-1bd1nzi brz-wrapper\">\n<div class=\"brz-rich-text brz-rich-text__custom brz-css-1fewbzy brz-css-avxje\" data-brz-custom-id=\"uiKl8YUtyWU6\">\n<div data-brz-translate-text=\"1\">\n<p class=\"brz-text-lg-center brz-fss-lg-px brz-fw-lg-400 brz-ls-lg-0 brz-lh-lg-1_6 brz-vfw-lg-400 brz-fwdth-lg-100 brz-fsft-lg-0 brz-tp-lg-empty brz-ff-oswald brz-ft-google brz-fs-lg-18 brz-css-bgHlB\" data-uniq-id=\"iUs8o\" data-generated-css=\"brz-css-plw7K\"><span class=\"brz-cp-color7\">Tecnolog\u00eda avanzada para una experiencia de juego sin interrupciones.<\/span><\/p>\n<\/div>\n<\/div>\n<\/div>\n<\/div>\n<\/div>\n<div class=\"brz-columns brz-css-r0cjl5 brz-css-66glvc\" data-brz-custom-id=\"roHnQTahnSHV\">\n<div class=\"brz-column__items brz-css-1vetni5 brz-css-1j3u63x\">\n<div class=\"brz-wrapper-clone brz-flex-xs-wrap brz-css-1tuo0e brz-css-rpn0kp\" data-brz-custom-id=\"nE1OrLOZ5sEN\">\n<div class=\"brz-icon__container\" data-brz-custom-id=\"mpw46kUQXswR\"><span class=\"brz-icon brz-span brz-css-2t6ldo brz-css-1reatav\"><\/span><\/div>\n<\/div>\n<div id=\"\" class=\"brz-css-hn8od5 brz-css-1s5sp8w brz-wrapper\">\n<div class=\"brz-rich-text brz-rich-text__custom brz-css-1fewbzy brz-css-1ac5b9r\" data-brz-custom-id=\"mRqDl1zRKlNl\">\n<div data-brz-translate-text=\"1\">\n<p class=\"brz-text-lg-center brz-fss-lg-px brz-fw-lg-500 brz-ls-lg-0_5 brz-lh-lg-1_6 brz-vfw-lg-400 brz-fwdth-lg-100 brz-fsft-lg-0 brz-tp-lg-empty brz-ff-oswald brz-ft-google brz-fs-lg-19 brz-css-tNoyA\" data-uniq-id=\"xWKrK\" data-generated-css=\"brz-css-zL6Va\"><span class=\"brz-cp-color2\" style=\"opacity: 1\">PANEL DE CONTROL<\/span><\/p>\n<\/div>\n<\/div>\n<\/div>\n<div id=\"\" class=\"brz-css-hn8od5 brz-css-14uv64k brz-wrapper\">\n<div class=\"brz-rich-text brz-rich-text__custom brz-css-1fewbzy brz-css-1rfkinu\" data-brz-custom-id=\"tspOuadca1X0\">\n<div data-brz-translate-text=\"1\">\n<p class=\"brz-text-lg-center brz-fss-lg-px brz-fw-lg-400 brz-ls-lg-0 brz-lh-lg-1_7 brz-vfw-lg-400 brz-fwdth-lg-100 brz-fsft-lg-0 brz-tp-lg-empty brz-ff-oswald brz-ft-google brz-fs-lg-18 brz-css-tnnyS\" data-generated-css=\"brz-css-rXTLk\" data-uniq-id=\"dbAgc\"><span class=\"brz-cp-color7\">Acceso en tiempo real para que el crupier gestione el juego de forma eficiente.<\/span><\/p>\n<\/div>\n<\/div>\n<\/div>\n<\/div>\n<\/div>\n<div class=\"brz-columns brz-css-r0cjl5 brz-css-p1x1gp\" data-brz-custom-id=\"lQyxiSGhlU1z\">\n<div class=\"brz-column__items brz-css-1vetni5 brz-css-1nnwwlf\">\n<div class=\"brz-wrapper-clone brz-flex-xs-wrap brz-css-1tuo0e brz-css-4v5dke\" data-brz-custom-id=\"i0_tGrZz12wB\">\n<div class=\"brz-icon__container\" data-brz-custom-id=\"qyt2vt5wJmPM\"><span class=\"brz-icon brz-span brz-css-2t6ldo brz-css-oukibp\"><\/span><\/div>\n<\/div>\n<div id=\"\" class=\"brz-css-hn8od5 brz-css-1a0tik2 brz-wrapper\">\n<div class=\"brz-rich-text brz-rich-text__custom brz-css-1fewbzy brz-css-1wmq883\" data-brz-custom-id=\"u7knHCnpQfaO\">\n<div data-brz-translate-text=\"1\">\n<p class=\"brz-text-lg-center brz-fss-lg-px brz-fw-lg-500 brz-ls-lg-0_5 brz-lh-lg-1_6 brz-vfw-lg-400 brz-fwdth-lg-100 brz-fsft-lg-0 brz-tp-lg-empty brz-ff-oswald brz-ft-google brz-fs-lg-19 brz-css-k7BFM\" data-uniq-id=\"tnixa\" data-generated-css=\"brz-css-flgvC\"><span class=\"brz-cp-color2\" style=\"opacity: 1\">RED DE CONEXI\u00d3N<\/span><\/p>\n<\/div>\n<\/div>\n<\/div>\n<div id=\"\" class=\"brz-css-hn8od5 brz-css-1jujuzo brz-wrapper\">\n<div class=\"brz-rich-text brz-rich-text__custom brz-css-1fewbzy brz-css-173fskl\" data-brz-custom-id=\"xaNQjIFCEgUI\">\n<div data-brz-translate-text=\"1\">\n<p class=\"brz-text-lg-center brz-fss-lg-px brz-fw-lg-400 brz-ls-lg-0 brz-lh-lg-1_7 brz-vfw-lg-400 brz-fwdth-lg-100 brz-fsft-lg-0 brz-tp-lg-empty brz-ff-oswald brz-ft-google brz-fs-lg-18 brz-css-kNKOH\" data-generated-css=\"brz-css-gaHG9\" data-uniq-id=\"ryBiK\"><span class=\"brz-cp-color7\">Conectividad segura para una gesti\u00f3n eficiente del juego.<\/span><\/p>\n<\/div>\n<\/div>\n<\/div>\n<\/div>\n<\/div>\n<\/div>\n<\/div>\n<div id=\"\" class=\"brz-css-hn8od5 brz-css-r5ix01 brz-css-16f5kw5 brz-wrapper\">\n<div class=\"brz-spacer brz-css-15dy5sh brz-css-1gf7g45\"><\/div>\n<\/div>\n<div class=\"brz-row__container brz-css-hw0w60 brz-css-vp4pko\" data-brz-custom-id=\"k7TG4fF4PaDt\">\n<div class=\"brz-row brz-css-qvleky brz-css-14lxnnr brz-css-1xlase5\">\n<div class=\"brz-columns brz-css-r0cjl5 brz-css-bcdnaq\" data-brz-custom-id=\"hHMmyL0h_Th2\">\n<div class=\"brz-column__items brz-css-1vetni5 brz-css-1bhmlh5\">\n<div class=\"brz-wrapper-clone brz-flex-xs-wrap brz-css-1tuo0e brz-css-18o0pnf\" data-brz-custom-id=\"gOer8__IMA03\">\n<div class=\"brz-icon__container\" data-brz-custom-id=\"sBs2zzXSpOkO\"><span class=\"brz-icon brz-span brz-css-2t6ldo brz-css-1i94ft2\"><\/span><\/div>\n<\/div>\n<div id=\"\" class=\"brz-css-hn8od5 brz-css-1pn4ai9 brz-wrapper\">\n<div class=\"brz-rich-text brz-rich-text__custom brz-css-1fewbzy brz-css-1e82tft\" data-brz-custom-id=\"j0i6DXLKGeBW\">\n<div data-brz-translate-text=\"1\">\n<p class=\"brz-text-lg-center brz-fss-lg-px brz-fw-lg-500 brz-ls-lg-0_5 brz-lh-lg-1_6 brz-vfw-lg-400 brz-fwdth-lg-100 brz-fsft-lg-0 brz-tp-lg-empty brz-ff-oswald brz-ft-google brz-fs-lg-19 brz-css-vBqOX\" data-uniq-id=\"vlPNH\" data-generated-css=\"brz-css-in1MR\"><span class=\"brz-cp-color2\">CONFIGURACI\u00d3N<\/span><\/p>\n<\/div>\n<\/div>\n<\/div>\n<div id=\"\" class=\"brz-css-hn8od5 brz-css-fac22x brz-wrapper\">\n<div class=\"brz-rich-text brz-rich-text__custom brz-css-1fewbzy brz-css-i4l2m\" data-brz-custom-id=\"dtxFe0d1woJe\">\n<div data-brz-translate-text=\"1\">\n<p class=\"brz-text-lg-center brz-fss-lg-px brz-fw-lg-400 brz-ls-lg-0 brz-lh-lg-1_7 brz-vfw-lg-400 brz-fwdth-lg-100 brz-fsft-lg-0 brz-tp-lg-empty brz-ff-oswald brz-ft-google brz-fs-lg-18 brz-css-asLIS\" data-generated-css=\"brz-css-fcJC9\" data-uniq-id=\"qpQyG\"><span class=\"brz-cp-color7\">Opciones de personalizaci\u00f3n y configuraciones adaptadas a cada casino.<\/span><\/p>\n<\/div>\n<\/div>\n<\/div>\n<\/div>\n<\/div>\n<div class=\"brz-columns brz-css-r0cjl5 brz-css-objoj4\" data-brz-custom-id=\"oPFfdTsugXnu\">\n<div class=\"brz-column__items brz-css-1vetni5 brz-css-x3c9tn\">\n<div class=\"brz-wrapper-clone brz-flex-xs-wrap brz-css-1tuo0e brz-css-7wfn5e\" data-brz-custom-id=\"ezyiddDB2O7V\">\n<div class=\"brz-icon__container\" data-brz-custom-id=\"t1vkUaOvq3C3\"><span class=\"brz-icon brz-span brz-css-2t6ldo brz-css-g5itry\"><\/span><\/div>\n<\/div>\n<div id=\"\" class=\"brz-css-hn8od5 brz-css-fd12ve brz-wrapper\">\n<div class=\"brz-rich-text brz-rich-text__custom brz-css-1fewbzy brz-css-v51njk\" data-brz-custom-id=\"i6IKB3pC42uG\">\n<div data-brz-translate-text=\"1\">\n<p class=\"brz-text-lg-center brz-tp-lg-empty brz-ff-oswald brz-ft-google brz-fs-lg-18 brz-fss-lg-px brz-fw-lg-500 brz-ls-lg-0_5 brz-lh-lg-1_6 brz-vfw-lg-400 brz-fwdth-lg-100 brz-fsft-lg-0 brz-css-b9Cq9\" data-generated-css=\"brz-css-ymFF1\" data-uniq-id=\"nh20y\"><span class=\"brz-cp-color2\">PROTECCI\u00d3N<\/span><\/p>\n<\/div>\n<\/div>\n<\/div>\n<div id=\"\" class=\"brz-css-hn8od5 brz-css-ytlr5 brz-wrapper\">\n<div class=\"brz-rich-text brz-rich-text__custom brz-css-1fewbzy brz-css-1sl6wgj\" data-brz-custom-id=\"sshUkJ8mIp5I\">\n<div data-brz-translate-text=\"1\">\n<p class=\"brz-fsft-lg-0 brz-fwdth-lg-100 brz-vfw-lg-400 brz-lh-lg-1_7 brz-ls-lg-0 brz-fw-lg-400 brz-fss-lg-px brz-text-lg-center brz-tp-lg-empty brz-ff-oswald brz-ft-google brz-fs-lg-19 brz-css-mqqg2\" data-uniq-id=\"wTb7m\" data-generated-css=\"brz-css-rL3AG\"><span class=\"brz-cp-color7\">Sistemas confiables que garantizan un juego justo y protegido.<\/span><\/p>\n<\/div>\n<\/div>\n<\/div>\n<\/div>\n<\/div>\n<div class=\"brz-columns brz-css-r0cjl5 brz-css-eusvnb\" data-brz-custom-id=\"fP9vyVx9zH4Z\">\n<div class=\"brz-column__items brz-css-1vetni5 brz-css-dy7rxo\">\n<div class=\"brz-wrapper-clone brz-flex-xs-wrap brz-css-1tuo0e brz-css-1iwfazq\" data-brz-custom-id=\"y8Ys2prjaSm3\">\n<div class=\"brz-icon__container\" data-brz-custom-id=\"i_PVGfgKesjx\"><span class=\"brz-icon brz-span brz-css-2t6ldo brz-css-1xk7rkz\"><\/span><\/div>\n<\/div>\n<div id=\"\" class=\"brz-css-hn8od5 brz-css-3c6m1e brz-wrapper\">\n<div class=\"brz-rich-text brz-rich-text__custom brz-css-1fewbzy brz-css-1c26qqp\" data-brz-custom-id=\"skwR526ySYqm\">\n<div data-brz-translate-text=\"1\">\n<p class=\"brz-text-lg-center brz-ls-lg-0_5 brz-lh-lg-1_6 brz-vfw-lg-400 brz-fwdth-lg-100 brz-fsft-lg-0 brz-tp-lg-empty brz-ff-oswald brz-ft-google brz-fs-lg-18 brz-fss-lg-px brz-fw-lg-500 brz-css-dPFKc\" data-generated-css=\"brz-css-wR6US\" data-uniq-id=\"yu1KE\"><span class=\"brz-cp-color2\">SOPORTE<\/span><\/p>\n<\/div>\n<\/div>\n<\/div>\n<div id=\"\" class=\"brz-css-hn8od5 brz-css-1i2idlr brz-wrapper\">\n<div class=\"brz-rich-text brz-rich-text__custom brz-css-1fewbzy brz-css-a2i36\" data-brz-custom-id=\"hJOY8s3BCESe\">\n<div data-brz-translate-text=\"1\">\n<p class=\"brz-fsft-lg-0 brz-fwdth-lg-100 brz-vfw-lg-400 brz-lh-lg-1_7 brz-ls-lg-0 brz-fw-lg-400 brz-fss-lg-px brz-text-lg-center brz-tp-lg-empty brz-ff-oswald brz-ft-google brz-fs-lg-19 brz-css-e09_G\" data-uniq-id=\"daBgS\" data-generated-css=\"brz-css-wKD8c\"><span class=\"brz-cp-color7\">Asistencia t\u00e9cnica 24\/7 para garantizar un funcionamiento continuo y sin interrupciones.<\/span><\/p>\n<\/div>\n<\/div>\n<\/div>\n<\/div>\n<\/div>\n<\/div>\n<\/div>\n<\/div>\n<\/div>\n<\/section><\/div>\n<p><!-- version:1755268719 --><\/p>\n","protected":false},"excerpt":{"rendered":"<p>La elegancia del Baccarat, al Mejor Precio del Mercado 0:00 0:00 Una soluci\u00f3n de Baccarat accesible y eficiente, dise\u00f1ada para maximizar rentabilidad sin comprometer el rendimiento. CARACTER\u00cdSTICAS Tecnolog\u00eda avanzada para una experiencia de juego sin interrupciones. PANEL DE CONTROL Acceso en tiempo real para que el crupier gestione el juego de forma eficiente. RED DE&hellip; <a class=\"more-link\" href=\"https:\/\/dekinternational.com\/?page_id=179\">Continue reading <span class=\"screen-reader-text\">Baccarat<\/span><\/a><\/p>\n","protected":false},"author":1,"featured_media":0,"parent":0,"menu_order":0,"comment_status":"closed","ping_status":"closed","template":"brizy-blank-template.php","meta":{"footnotes":""},"class_list":["post-179","page","type-page","status-publish","hentry","entry"],"brizy_media":[{"id":194,"url":"https:\/\/dekinternational.com\/wp-content\/uploads\/2025\/01\/pexels-dariabuntaria-3021120-1-scaled.jpg","name":"pexels-dariabuntaria-3021120-1.jpg","meta":{"brizy_attachment_uid":"wp-2b1f0a97107be981965188df2adece57.jpg","brizy_post_uid":["381640fdae5bdd86356ffdcad099b06c"]}},{"id":209,"url":"https:\/\/dekinternational.com\/wp-content\/uploads\/2025\/01\/LOGO-DEK.png","name":"LOGO-DEK.png","meta":{"brizy_attachment_uid":"wp-747ed761227b2f5cfb595417854ba13c.png","brizy_post_uid":["15dd5d9d9be38d802bdc8953fe019d2d","381640fdae5bdd86356ffdcad099b06c","60eed68602bb3a9513d793c0538942cf","f754b35d8882168e8193a3c2307a4020"]}},{"id":322,"url":"https:\/\/dekinternational.com\/wp-content\/uploads\/2025\/03\/pexels-rkftr-4253487-scaled.jpg","name":"pexels-rkftr-4253487.jpg","meta":{"brizy_attachment_uid":"wp-9460713dfffc8a1df307eabb4ebeddf7.jpg","brizy_post_uid":["381640fdae5bdd86356ffdcad099b06c"]}}],"_links":{"self":[{"href":"https:\/\/dekinternational.com\/index.php?rest_route=\/wp\/v2\/pages\/179","targetHints":{"allow":["GET"]}}],"collection":[{"href":"https:\/\/dekinternational.com\/index.php?rest_route=\/wp\/v2\/pages"}],"about":[{"href":"https:\/\/dekinternational.com\/index.php?rest_route=\/wp\/v2\/types\/page"}],"author":[{"embeddable":true,"href":"https:\/\/dekinternational.com\/index.php?rest_route=\/wp\/v2\/users\/1"}],"replies":[{"embeddable":true,"href":"https:\/\/dekinternational.com\/index.php?rest_route=%2Fwp%2Fv2%2Fcomments&post=179"}],"version-history":[{"count":5,"href":"https:\/\/dekinternational.com\/index.php?rest_route=\/wp\/v2\/pages\/179\/revisions"}],"predecessor-version":[{"id":1309,"href":"https:\/\/dekinternational.com\/index.php?rest_route=\/wp\/v2\/pages\/179\/revisions\/1309"}],"wp:attachment":[{"href":"https:\/\/dekinternational.com\/index.php?rest_route=%2Fwp%2Fv2%2Fmedia&parent=179"}],"curies":[{"name":"wp","href":"https:\/\/api.w.org\/{rel}","templated":true}]}}