{"id":79,"date":"2021-12-07T15:41:00","date_gmt":"2021-12-07T15:41:00","guid":{"rendered":"https:\/\/websitebuilder-demo.net\/sintix\/?page_id=79"},"modified":"2026-04-06T22:52:51","modified_gmt":"2026-04-06T22:52:51","slug":"demo-about-us","status":"publish","type":"page","link":"https:\/\/dekinternational.com\/?page_id=79","title":{"rendered":"Historia"},"content":{"rendered":"<div class=\"brz brz-root__container brz-reset-all brz-root__container-page\">\n<section id=\"db57fae1a2787b5031b3_wxvxirtkrlpsrjqkvyszbuyiatmwcyfkuzzj\" class=\"brz-section brz-css-a0miy1 brz-css-1lykukf\">\n<div class=\"brz-section__content brz-section--boxed brz-css-1gz81c6 brz-css-u5ttyg\" data-brz-custom-id=\"nrktswbysivmfowjbbrjugfigwskskpmfgrd\">\n<div class=\"brz-bg\">\n<div class=\"brz-bg-color\"><\/div>\n<div class=\"brz-bg-shape brz-bg-shape__top\"><\/div>\n<div class=\"brz-bg-shape brz-bg-shape__bottom\"><\/div>\n<\/div>\n<div class=\"brz-container brz-css-1o51xmi brz-css-1pzi1jl\">\n<div class=\"brz-row__container brz-css-16mr235 brz-css-12rn7k0\" data-brz-custom-id=\"kaztydqartpqcjotcixsxdacumpujozocnjp\">\n<div class=\"brz-row brz-css-16svclx brz-css-17kgnvr brz-css-ewgvlk\">\n<div class=\"brz-columns brz-css-15cltuy brz-css-1p24qjg\" data-brz-custom-id=\"wysagihfidxhiyucrraotqtbnfojpsuanukz\">\n<div class=\"brz-column__items brz-css-19mjlmc brz-css-16s6zr7\">\n<div id=\"\" class=\"brz-css-bnpw7u brz-css-1kpbjg3 brz-wrapper\">\n<div class=\"brz-rich-text brz-rich-text__custom brz-css-1m91ytw brz-css-1clcg06\" data-brz-custom-id=\"mgznwglmpgvtplhvkfwlvtnwbuofchtuhacx\">\n<div data-brz-translate-text=\"1\">\n<p class=\"brz-tp-lg-heading3 brz-text-lg-left brz-css-hc0hh\" data-uniq-id=\"r3TKG\" data-generated-css=\"brz-css-usEUJ\"><span class=\"brz-cp-color8\">UN POCO SOBRE NOSOTROS<\/span><\/p>\n<\/div>\n<\/div>\n<\/div>\n<div id=\"\" class=\"brz-css-bnpw7u brz-css-1h8edd6 brz-wrapper\">\n<div class=\"brz-line brz-line-default brz-css-d0qlav brz-css-k2uvs\" data-brz-custom-id=\"tcsgtseuqyldsqmttyuuuekjbkmgppgmfnoe\">\n<hr class=\"brz-hr\"><\/div>\n<\/div>\n<div id=\"\" class=\"brz-css-bnpw7u brz-css-5mqbvw brz-css-y7xnam brz-wrapper\">\n<div class=\"brz-spacer brz-css-h059uu brz-css-nxolp0\"><\/div>\n<\/div>\n<div id=\"\" class=\"brz-css-bnpw7u brz-css-vsiqjc brz-wrapper\">\n<div class=\"brz-rich-text brz-rich-text__custom brz-css-1m91ytw brz-css-fvivjs\" data-brz-custom-id=\"ulrhylmvzozrwjmgookjksivofzlbwsrmarb\">\n<div data-brz-translate-text=\"1\">\n<p class=\"brz-text-sm-left brz-fss-lg-px brz-fw-lg-400 brz-ls-lg-0 brz-lh-lg-1_7 brz-vfw-lg-400 brz-fwdth-lg-100 brz-fsft-lg-0 brz-tp-lg-empty brz-ff-oswald brz-ft-google brz-fs-lg-18 brz-css-p3fPy\" data-uniq-id=\"fk5Yc\" data-generated-css=\"brz-css-fVhfT\"><span class=\"brz-cp-color5\">DEK International inici\u00f3 sus actividades en Panam\u00e1 en 1994. La empresa se dedica a la distribuci\u00f3n, creaci\u00f3n, integraci\u00f3n y operaci\u00f3n de sistemas electr\u00f3nicos para mesas de juego en casinos en todo el mundo.<\/span><\/p>\n<p class=\"brz-fss-lg-px brz-fw-lg-400 brz-ls-lg-0 brz-lh-lg-1_7 brz-vfw-lg-400 brz-fwdth-lg-100 brz-fsft-lg-0 brz-tp-lg-empty brz-ff-oswald brz-ft-google brz-fs-lg-18 brz-css-z3QPd\" data-uniq-id=\"f8I5X\" data-generated-css=\"brz-css-uEUJn\"><\/p>\n<p class=\"brz-text-lg-left brz-fss-lg-px brz-fw-lg-400 brz-ls-lg-0 brz-lh-lg-1_7 brz-vfw-lg-400 brz-fwdth-lg-100 brz-fsft-lg-0 brz-tp-lg-empty brz-ff-oswald brz-ft-google brz-fs-lg-18 brz-css-pfbTr\" data-uniq-id=\"qVNqt\" data-generated-css=\"brz-css-hu7qS\"><span class=\"brz-cp-color5\">Actualmente, la compa\u00f1\u00eda est\u00e1 trabajando en varios pa\u00edses y DEK International est\u00e1 a la vanguardia en tecnolog\u00eda de juegos. Como l\u00edder en su campo, la compa\u00f1\u00eda se dedica a investigar continuamente nuevos productos, ayudando a los fabricantes en el desarrollo y producci\u00f3n de una variedad de innovaciones que mezclan la tecnolog\u00eda tradicional de los casinos necesarios para ser competitivos en el futuro. DEK International tiene la experiencia y los recursos especializados, que son necesarios para el \u00e9xito en un mercado altamente competitivo, como la industria del juego.<\/span><\/p>\n<p class=\"brz-text-lg-left brz-fss-lg-px brz-fw-lg-400 brz-ls-lg-0 brz-lh-lg-1_7 brz-vfw-lg-400 brz-fwdth-lg-100 brz-fsft-lg-0 brz-tp-lg-empty brz-ff-oswald brz-ft-google brz-fs-lg-18 brz-css-yMPM5\" data-uniq-id=\"bk0Pn\" data-generated-css=\"brz-css-wj9Mk\"><span class=\"brz-cp-color7\"> <\/span><\/p>\n<p class=\"brz-text-lg-left brz-fss-lg-px brz-fw-lg-400 brz-ls-lg-0 brz-lh-lg-1_7 brz-vfw-lg-400 brz-fwdth-lg-100 brz-fsft-lg-0 brz-tp-lg-empty brz-ff-oswald brz-ft-google brz-fs-lg-18 brz-css-jgNmu\" data-uniq-id=\"duVSG\" data-generated-css=\"brz-css-wO0se\"><span class=\"brz-cp-color5\">Nuestros productos son reconocidos y aprobados por varias entidades comerciales y gubernamentales en varios pa\u00edses<\/span><\/p>\n<p class=\"brz-text-lg-left brz-fss-lg-px brz-fw-lg-400 brz-ls-lg-0 brz-lh-lg-1_7 brz-vfw-lg-400 brz-fwdth-lg-100 brz-fsft-lg-0 brz-tp-lg-empty brz-ff-oswald brz-ft-google brz-fs-lg-18 brz-css-ysei3\" data-uniq-id=\"qQ6pz\" data-generated-css=\"brz-css-xHnbv\"><span class=\"brz-cp-color7\"> <\/span><\/p>\n<p class=\"brz-text-lg-left brz-fss-lg-px brz-fw-lg-400 brz-ls-lg-0 brz-lh-lg-1_7 brz-vfw-lg-400 brz-fwdth-lg-100 brz-fsft-lg-0 brz-tp-lg-empty brz-ff-oswald brz-ft-google brz-fs-lg-18 brz-css-exInu\" data-uniq-id=\"lYlwO\" data-generated-css=\"brz-css-aei3p\"><span class=\"brz-cp-color5\">En colaboraci\u00f3n con los proveedores, DEK International garantiza a todos sus clientes la mejor calidad de servicio en la industria, y la \u00fanica &#8220;apuesta segura&#8221; para las mesas de juego en vivo, elementos y equipos de juego.<\/span><\/p>\n<p class=\"brz-tp-lg-paragraph brz-text-lg-left brz-css-uPVB3\" data-uniq-id=\"lSYDt\" data-generated-css=\"brz-css-tHwqO\"><\/p>\n<\/div>\n<\/div>\n<\/div>\n<div id=\"\" class=\"brz-css-bnpw7u brz-css-5mqbvw brz-css-11rlfaf brz-wrapper\">\n<div class=\"brz-spacer brz-css-h059uu brz-css-18uz2q3\"><\/div>\n<\/div>\n<\/div>\n<\/div>\n<div class=\"brz-columns brz-css-15cltuy brz-css-wsue2d\" data-brz-custom-id=\"tsiwxvtpqqesxpynawtopbanhrbquyvzbhmj\">\n<div class=\"brz-bg\">\n<div class=\"brz-bg-image\"><\/div>\n<\/div>\n<div class=\"brz-column__items brz-css-19mjlmc brz-css-khzomd\">\n<div id=\"\" class=\"brz-css-bnpw7u brz-css-5mqbvw brz-css-x39fc brz-wrapper\">\n<div class=\"brz-spacer brz-css-h059uu brz-css-1uxtdgk\"><\/div>\n<\/div>\n<div id=\"\" class=\"brz-css-bnpw7u brz-css-5mqbvw brz-css-1uppg0 brz-wrapper\">\n<div class=\"brz-spacer brz-css-h059uu brz-css-g852c7\"><\/div>\n<\/div>\n<div id=\"\" class=\"brz-css-bnpw7u brz-css-1vs4ufm brz-wrapper\">\n<div class=\"brz-rich-text brz-rich-text__custom brz-css-1m91ytw brz-css-7bxsno\" data-brz-custom-id=\"s3Ya2ON0Prt_\">\n<div data-brz-translate-text=\"1\">\n<p class=\"brz-fs-lg-45 brz-ft-google brz-ff-abril_fatface brz-tp-lg-empty brz-fsft-lg-0 brz-fwdth-lg-100 brz-vfw-lg-400 brz-lh-lg-1_3 brz-ls-lg-0 brz-fw-lg-400 brz-fss-lg-px brz-fs-sm-46 brz-tp-sm-empty brz-fsft-sm-0 brz-fwdth-sm-100 brz-vfw-sm-400 brz-lh-sm-1_3 brz-ls-sm-0 brz-fw-sm-400 brz-fss-sm-px brz-text-sm-left brz-text-lg-left brz-fss-xs-px brz-fw-xs-400 brz-ls-xs-0 brz-lh-xs-1_3 brz-vfw-xs-400 brz-fwdth-xs-100 brz-fsft-xs-0 brz-tp-xs-empty brz-fs-xs-32 brz-css-pe_YR\" data-generated-css=\"brz-css-qTsHe\" data-uniq-id=\"wuqSM\"><em class=\"brz-italic-true brz-cp-color5\">El crecimiento no se debe a la suerte, es el resultado de la innovaci\u00f3n constante y de su servicio profesional.<\/em><\/p>\n<\/div>\n<\/div>\n<\/div>\n<\/div>\n<\/div>\n<\/div>\n<\/div>\n<\/div>\n<\/div>\n<\/section><\/div>\n<p><!-- version:1755186353 --><\/p>\n","protected":false},"excerpt":{"rendered":"<p>UN POCO SOBRE NOSOTROS DEK International inici\u00f3 sus actividades en Panam\u00e1 en 1994. La empresa se dedica a la distribuci\u00f3n, creaci\u00f3n, integraci\u00f3n y operaci\u00f3n de sistemas electr\u00f3nicos para mesas de juego en casinos en todo el mundo. Actualmente, la compa\u00f1\u00eda est\u00e1 trabajando en varios pa\u00edses y DEK International est\u00e1 a la vanguardia en tecnolog\u00eda de&hellip; <a class=\"more-link\" href=\"https:\/\/dekinternational.com\/?page_id=79\">Continue reading <span class=\"screen-reader-text\">Historia<\/span><\/a><\/p>\n","protected":false},"author":1,"featured_media":0,"parent":0,"menu_order":0,"comment_status":"closed","ping_status":"closed","template":"brizy-blank-template.php","meta":{"footnotes":""},"class_list":["post-79","page","type-page","status-publish","hentry","entry"],"brizy_media":[{"id":199,"url":"https:\/\/dekinternational.com\/wp-content\/uploads\/2025\/01\/pexels-javon-swaby-197616-3279695-1-scaled.jpg","name":"pexels-javon-swaby-197616-3279695-1.jpg","meta":{"brizy_attachment_uid":"wp-da2dbd9e956570ab94c5d7a6850bb064.jpg","brizy_post_uid":["15dd5d9d9be38d802bdc8953fe019d2d","fc11270f0337bc2466c990b04bfeadf8"]}},{"id":204,"url":"https:\/\/dekinternational.com\/wp-content\/uploads\/2025\/01\/pexels-pixabay-269630-1-scaled.jpg","name":"pexels-pixabay-269630-1.jpg","meta":{"brizy_attachment_uid":"wp-5721bda56ebc0d8419e3f26eabe84de3.jpg","brizy_post_uid":["fc11270f0337bc2466c990b04bfeadf8"]}},{"id":321,"url":"https:\/\/dekinternational.com\/wp-content\/uploads\/2025\/03\/pexels-rkftr-4253485-scaled.jpg","name":"pexels-rkftr-4253485.jpg","meta":{"brizy_attachment_uid":"wp-4ba807164fa3b958215f2533e5bd3aeb.jpg","brizy_post_uid":["fc11270f0337bc2466c990b04bfeadf8"]}}],"_links":{"self":[{"href":"https:\/\/dekinternational.com\/index.php?rest_route=\/wp\/v2\/pages\/79","targetHints":{"allow":["GET"]}}],"collection":[{"href":"https:\/\/dekinternational.com\/index.php?rest_route=\/wp\/v2\/pages"}],"about":[{"href":"https:\/\/dekinternational.com\/index.php?rest_route=\/wp\/v2\/types\/page"}],"author":[{"embeddable":true,"href":"https:\/\/dekinternational.com\/index.php?rest_route=\/wp\/v2\/users\/1"}],"replies":[{"embeddable":true,"href":"https:\/\/dekinternational.com\/index.php?rest_route=%2Fwp%2Fv2%2Fcomments&post=79"}],"version-history":[{"count":5,"href":"https:\/\/dekinternational.com\/index.php?rest_route=\/wp\/v2\/pages\/79\/revisions"}],"predecessor-version":[{"id":1264,"href":"https:\/\/dekinternational.com\/index.php?rest_route=\/wp\/v2\/pages\/79\/revisions\/1264"}],"wp:attachment":[{"href":"https:\/\/dekinternational.com\/index.php?rest_route=%2Fwp%2Fv2%2Fmedia&parent=79"}],"curies":[{"name":"wp","href":"https:\/\/api.w.org\/{rel}","templated":true}]}}